{"id":125,"date":"2014-10-09T16:17:58","date_gmt":"2014-10-09T14:17:58","guid":{"rendered":"http:\/\/vfp-archaeologie.fs.lmu.de\/?page_id=125"},"modified":"2023-01-21T14:19:41","modified_gmt":"2023-01-21T12:19:41","slug":"stammtische","status":"publish","type":"page","link":"https:\/\/vfp-archaeologie.fs.lmu.de\/?page_id=125","title":{"rendered":"Stammtische"},"content":{"rendered":"\n<p>Was gibt es besseres als zusammensitzen und Trinken? Genau: Nichts! <\/p>\n\n\n\n<p>Tausche dich mit deinen Kommilitonen aus, finde Freunde au\u00dferhalb deiner Stufe und bekomme Tipps und Tricks (auch die ein oder andere lustige Geschichte) von den \u00e4lteren Semestern mit!<\/p>\n\n\n\n<p>Stammtische finden alle zwei Wochen Donnerstags statt. \u00dcber Instagram oder den Mailverteiler werdet ihr rechtzeitig eingeladen.<\/p>\n\n\n\n<p>Meist ab 20 Uhr im Atzinger oder im T\u00fcrkenhof.<\/p>\n\n\n\n<p>Bei Fragen kannst du dich auch gerne an die beiden Verantwortlichen unserer Fachschaft wenden:<\/p>\n\n\n\n<p class=\"has-text-align-center\"><strong><span class=\"has-inline-color has-light-green-cyan-color\">Lina Schweizer<\/span><\/strong><a href=\"mailto:lina.schweizer@campus.lmu.de\"><img loading=\"lazy\" width=\"342\" height=\"263\" class=\"wp-image-1154\" style=\"width: 40px;\" src=\"http:\/\/vfp-archaeologie.fs.lmu.de\/wp-content\/uploads\/2023\/01\/imageedit_2_2217788545.png\" alt=\"\" srcset=\"https:\/\/vfp-archaeologie.fs.lmu.de\/wp-content\/uploads\/2023\/01\/imageedit_2_2217788545.png 342w, https:\/\/vfp-archaeologie.fs.lmu.de\/wp-content\/uploads\/2023\/01\/imageedit_2_2217788545-300x231.png 300w\" sizes=\"(max-width: 342px) 100vw, 342px\" \/><\/a><strong><span class=\"has-inline-color has-light-green-cyan-color\"> und Alexandros Roukounas<\/span><\/strong><a href=\"mailto:alexandros.roukounas@campus.lmu.de\"><img loading=\"lazy\" width=\"342\" height=\"263\" class=\"wp-image-1154\" style=\"width: 40px;\" src=\"http:\/\/vfp-archaeologie.fs.lmu.de\/wp-content\/uploads\/2023\/01\/imageedit_2_2217788545.png\" alt=\"\" srcset=\"https:\/\/vfp-archaeologie.fs.lmu.de\/wp-content\/uploads\/2023\/01\/imageedit_2_2217788545.png 342w, https:\/\/vfp-archaeologie.fs.lmu.de\/wp-content\/uploads\/2023\/01\/imageedit_2_2217788545-300x231.png 300w\" sizes=\"(max-width: 342px) 100vw, 342px\" \/><\/a><\/p>\n","protected":false},"excerpt":{"rendered":"<p>Was gibt es besseres als zusammensitzen und Trinken? Genau: Nichts! Tausche dich mit deinen Kommilitonen aus, finde Freunde au\u00dferhalb deiner Stufe und bekomme Tipps und Tricks (auch die ein oder andere lustige Geschichte) von den \u00e4lteren Semestern mit! Stammtische finden alle zwei Wochen Donnerstags statt. \u00dcber Instagram oder den Mailverteiler werdet ihr rechtzeitig eingeladen. Meist &hellip; <a href=\"https:\/\/vfp-archaeologie.fs.lmu.de\/?page_id=125\" class=\"more-link\">Continue reading <span class=\"screen-reader-text\">Stammtische<\/span> <span class=\"meta-nav\">&rarr;<\/span><\/a><\/p>\n","protected":false},"author":6,"featured_media":0,"parent":0,"menu_order":0,"comment_status":"open","ping_status":"open","template":"","meta":[],"_links":{"self":[{"href":"https:\/\/vfp-archaeologie.fs.lmu.de\/index.php?rest_route=\/wp\/v2\/pages\/125"}],"collection":[{"href":"https:\/\/vfp-archaeologie.fs.lmu.de\/index.php?rest_route=\/wp\/v2\/pages"}],"about":[{"href":"https:\/\/vfp-archaeologie.fs.lmu.de\/index.php?rest_route=\/wp\/v2\/types\/page"}],"author":[{"embeddable":true,"href":"https:\/\/vfp-archaeologie.fs.lmu.de\/index.php?rest_route=\/wp\/v2\/users\/6"}],"replies":[{"embeddable":true,"href":"https:\/\/vfp-archaeologie.fs.lmu.de\/index.php?rest_route=%2Fwp%2Fv2%2Fcomments&post=125"}],"version-history":[{"count":42,"href":"https:\/\/vfp-archaeologie.fs.lmu.de\/index.php?rest_route=\/wp\/v2\/pages\/125\/revisions"}],"predecessor-version":[{"id":1399,"href":"https:\/\/vfp-archaeologie.fs.lmu.de\/index.php?rest_route=\/wp\/v2\/pages\/125\/revisions\/1399"}],"wp:attachment":[{"href":"https:\/\/vfp-archaeologie.fs.lmu.de\/index.php?rest_route=%2Fwp%2Fv2%2Fmedia&parent=125"}],"curies":[{"name":"wp","href":"https:\/\/api.w.org\/{rel}","templated":true}]}}