{"id":1256,"date":"2023-01-19T15:43:45","date_gmt":"2023-01-19T13:43:45","guid":{"rendered":"https:\/\/vfp-archaeologie.fs.lmu.de\/?page_id=1256"},"modified":"2023-01-19T21:16:36","modified_gmt":"2023-01-19T19:16:36","slug":"archaologie-als-wissenschaft","status":"publish","type":"page","link":"https:\/\/vfp-archaeologie.fs.lmu.de\/?page_id=1256","title":{"rendered":"Arch\u00e4ologie als Wissenschaft"},"content":{"rendered":"\n<p>Arch\u00e4ologie (griechisch: Lehre von den Altert\u00fcmern) ist eine Wissenschaft, in deren Zentrum die Untersuchung der kulturellen Entwicklung des Menschen steht. Gegen\u00fcber der Alten Geschichte, die sich prim\u00e4r mit den fr\u00fchen Schriftzeugnissen besch\u00e4ftigt, konzentriert sich die Arch\u00e4ologie auf die materiellen Hinterlassenschaften. H\u00e4ufig ist sie daher die einzige M\u00f6glichkeit zur Erforschung fr\u00fcher Zivilisationen und er\u00f6ffnet einen unmittelbareren Eindruck in deren Alltagsleben. Untersucht werden beispielsweise Geb\u00e4ude, Werkzeuge, Kunstobjekte, Bilder oder Alltagsgegenst\u00e4nde mit dem Ziel, \u00fcber diese Hinterlassenschaften mehr \u00fcber fr\u00fche Gesellschaften, \u00fcber die Lebens- und Alltagssituation ihrer Menschen, ihrer Verhaltens- und Denkweisen, ihrer Wirtschaftsformen oder ihrer Glaubens- und Wertvorstellungen zu erfahren.<\/p>\n\n\n\n<p>Die Arch\u00e4ologie hat zur Beantwortung ihrer Fragen vielf\u00e4ltige methodische Ans\u00e4tze entwickelt, um z.B. Objekte und Bilder richtig zu dokumentieren, zu rekonstruieren, zu datieren und zu interpretieren. Da viele Gegenst\u00e4nde erst in ihrem urspr\u00fcnglichen Verwendungskontext verst\u00e4ndlich werden, bildet die arch\u00e4ologische Ausgrabung eine der zentralen Untersuchungsmethoden des Faches, doch wird diese inzwischen von vielen anderen Forschungsans\u00e4tzen flankiert. \u00dcbergeordnetes Ziel ist hierbei stets, die untersuchten Objekte in ihrem gr\u00f6\u00dferen kulturellen und historischen Kontext zu verstehen, weshalb auch die Entwicklung von Theorien und Interpretationsans\u00e4tzen eine gro\u00dfe Rolle spielt. Die Arch\u00e4ologie ist daher eine Disziplin, in der Praxis und Theorie gleichberechtigt nebeneinanderstehen. Sie erfordert gro\u00dfe Geduld, da bei den Forschungen im Feld, in den Laboren oder in den Bibliotheken langwierige und detaillierte Arbeitsprozesse n\u00f6tig sind.<\/p>\n\n\n\n<p>In der deutschen Wissenschaftstradition versteht sich die Arch\u00e4ologie als kulturgeschichtliche Disziplin. Sie ist fest in den Geisteswissenschaften verankert, aus deren Sichtweise Leitfragen und Theoriemodelle zur Untersuchung fr\u00fcher Kulturen entwickelt werden. Hierbei bestehen enge Verbindungen zu verwandten Nachbarf\u00e4chern, wie z.B. zur Alten Geschichte, Kunstgeschichte oder zur Ethnologie. Zunehmend spielen jedoch auch Methoden und Ans\u00e4tze der Natur- und Computerwissenschaften eine wichtige Rolle. Arch\u00e4ologische Forschungen finden daher h\u00e4ufig in multi-disziplin\u00e4ren Gro\u00dfprojekten statt, wobei dem Arch\u00e4ologen die Aufgabe zukommt, die Leitfragen zu formulieren, die verschiedenen methodischen Ans\u00e4tze zu koordinieren sowie deren Teilergebnisse zusammenfassend zu interpretieren. Die Arch\u00e4ologie spielt somit eine wichtige Mittlerrolle zwischen Geistes- und Naturwissenschaften[&#8230;].<\/p>\n\n\n\n<p>Die Arch\u00e4ologie hat eine lange Tradition: Die systematische Besch\u00e4ftigung mit fr\u00fchen Zivilisationen geht auf die Renaissance und ihr im 15. Jh. erwachtes Interesse f\u00fcr das klassische Altertum zur\u00fcck. Als Begr\u00fcnder der Arch\u00e4ologie als regelrechte Wissenschaft gilt jedoch erst Johann Joachim Winckelmann (1717-1768). Da das Hauptinteresse dieser fr\u00fchen Zeit vor allem der griechischen und r\u00f6mischen Kultur galt, ist die sog. Klassische Arch\u00e4ologie die \u00e4lteste arch\u00e4ologische Teildisziplin. Doch sind in der Folgezeit aufgrund des rasanten Wissenszuwachses zu den fr\u00fchen Kulturen und Zivilisationen weltweit zahlreiche weitere arch\u00e4ologische Teildisziplinen entstanden, die sich mit unterschiedlichen Epochen und\/oder Regionen besch\u00e4ftigen.<\/p>\n\n\n\n<p><a href=\"https:\/\/archaeologie.phil-fak.uni-koeln.de\/studium\/vor-dem-studium\/was-ist-archaeologie\" target=\"_blank\" rel=\"noreferrer noopener\">Quelle<\/a><\/p>\n\n\n\n<p class=\"has-background has-medium-font-size\" style=\"background-color:#f3f3cb\">Berufsfeld Arch\u00e4ologie<\/p>\n\n\n\n<p>Wann kann ich ins Berufsleben einsteigen?<br>Der M\u00f6glichkeit zum Eintritt ins Berufsleben ist bereits nach dem Bachelor gegeben. Master und<br>Promotion ergeben vor allem dann Sinn, wenn eine wissenschaftliche Laufbahn im akademischen<br>Bereich (Universit\u00e4t) angestrebt wird. Auch Denkmal\u00e4mter oder kulturelle Einrichtungen verlangen nicht<br>selten mindestens einen Masterabschluss. Die Entscheidung einen Masterstudiengang oder gar eine<br>Promotion anzuschlie\u00dfen, muss jeder f\u00fcr sich selbst treffen.<\/p>\n\n\n\n<div class=\"wp-block-image\"><figure class=\"aligncenter size-large\"><a href=\"http:\/\/vfp-archaeologie.fs.lmu.de\/wp-content\/uploads\/2023\/01\/meme.jpg\"><img loading=\"lazy\" width=\"551\" height=\"325\" src=\"http:\/\/vfp-archaeologie.fs.lmu.de\/wp-content\/uploads\/2023\/01\/meme.jpg\" alt=\"\" class=\"wp-image-1331\" srcset=\"https:\/\/vfp-archaeologie.fs.lmu.de\/wp-content\/uploads\/2023\/01\/meme.jpg 551w, https:\/\/vfp-archaeologie.fs.lmu.de\/wp-content\/uploads\/2023\/01\/meme-300x177.jpg 300w\" sizes=\"(max-width: 551px) 100vw, 551px\" \/><\/a><\/figure><\/div>\n\n\n\n<p class=\"has-background has-medium-font-size\" style=\"background-color:#f3f3cb\">M\u00f6gliche Berufsfelder<\/p>\n\n\n\n<p><br>Nach dem Studium gibt es eine Vielzahl von M\u00f6glichkeiten an Berufen. Die gr\u00f6\u00dften Arbeitgeber sind die staatlichen Denkmalinstitutionen und die Grabungsfirmen (Privatwirtschaft), die eng mit den Denkmalbeh\u00f6rden zusammenarbeiten.<br>Kommunale Verwaltungen (Stadtarch\u00e4ologie, Kreisarch\u00e4ologie), Museen, Universit\u00e4ten und Akademien sind ebenfalls potentielle Arbeitgeber.<br>Andere Berufsfelder, die nicht unbedingt mit dem Aufgabenfeld eines Arch\u00e4ologen verbunden werden,<br>finden sich in im Wissenschaftsmanagement, in Verwaltung (z.B. Beantragen von Drittmitteln, Ausgrabungsvorbereitung und -mitarbeit) aber auch in der \u00d6ffentlichkeitsarbeit oder in journalistischen<br>Bereichen.<\/p>\n\n\n\n<p>Quelle: <a href=\"https:\/\/drive.google.com\/file\/d\/1UaWUzsRQgfGjqmGNjehUqVn6TQQ--RIa\/view\" target=\"_blank\" rel=\"noreferrer noopener\">Studienf\u00fchrer PRA<\/a><\/p>\n","protected":false},"excerpt":{"rendered":"<p>Arch\u00e4ologie (griechisch: Lehre von den Altert\u00fcmern) ist eine Wissenschaft, in deren Zentrum die Untersuchung der kulturellen Entwicklung des Menschen steht. Gegen\u00fcber der Alten Geschichte, die sich prim\u00e4r mit den fr\u00fchen Schriftzeugnissen besch\u00e4ftigt, konzentriert sich die Arch\u00e4ologie auf die materiellen Hinterlassenschaften. H\u00e4ufig ist sie daher die einzige M\u00f6glichkeit zur Erforschung fr\u00fcher Zivilisationen und er\u00f6ffnet einen unmittelbareren &hellip; <a href=\"https:\/\/vfp-archaeologie.fs.lmu.de\/?page_id=1256\" class=\"more-link\">Continue reading <span class=\"screen-reader-text\">Arch\u00e4ologie als Wissenschaft<\/span> <span class=\"meta-nav\">&rarr;<\/span><\/a><\/p>\n","protected":false},"author":6,"featured_media":0,"parent":0,"menu_order":0,"comment_status":"closed","ping_status":"closed","template":"","meta":[],"_links":{"self":[{"href":"https:\/\/vfp-archaeologie.fs.lmu.de\/index.php?rest_route=\/wp\/v2\/pages\/1256"}],"collection":[{"href":"https:\/\/vfp-archaeologie.fs.lmu.de\/index.php?rest_route=\/wp\/v2\/pages"}],"about":[{"href":"https:\/\/vfp-archaeologie.fs.lmu.de\/index.php?rest_route=\/wp\/v2\/types\/page"}],"author":[{"embeddable":true,"href":"https:\/\/vfp-archaeologie.fs.lmu.de\/index.php?rest_route=\/wp\/v2\/users\/6"}],"replies":[{"embeddable":true,"href":"https:\/\/vfp-archaeologie.fs.lmu.de\/index.php?rest_route=%2Fwp%2Fv2%2Fcomments&post=1256"}],"version-history":[{"count":10,"href":"https:\/\/vfp-archaeologie.fs.lmu.de\/index.php?rest_route=\/wp\/v2\/pages\/1256\/revisions"}],"predecessor-version":[{"id":1365,"href":"https:\/\/vfp-archaeologie.fs.lmu.de\/index.php?rest_route=\/wp\/v2\/pages\/1256\/revisions\/1365"}],"wp:attachment":[{"href":"https:\/\/vfp-archaeologie.fs.lmu.de\/index.php?rest_route=%2Fwp%2Fv2%2Fmedia&parent=1256"}],"curies":[{"name":"wp","href":"https:\/\/api.w.org\/{rel}","templated":true}]}}