{"id":1257,"date":"2023-01-19T15:43:45","date_gmt":"2023-01-19T13:43:45","guid":{"rendered":"https:\/\/vfp-archaeologie.fs.lmu.de\/?page_id=1257"},"modified":"2023-01-23T14:16:10","modified_gmt":"2023-01-23T12:16:10","slug":"vorgeschichtliche-archaologie","status":"publish","type":"page","link":"https:\/\/vfp-archaeologie.fs.lmu.de\/?page_id=1257","title":{"rendered":"Vorgeschichtliche Arch\u00e4ologie"},"content":{"rendered":"\n<p class=\"has-normal-font-size\">Die vorgeschichtliche Arch\u00e4ologie ist ein Zweig der Arch\u00e4ologie, der sich mit der Erforschung der Kulturen und Gesellschaften vor der Einf\u00fchrung der Schrift besch\u00e4ftigt. Sie untersucht die materielle Kultur und die Entwicklung der menschlichen Gesellschaft und Technologie von den fr\u00fchesten Anf\u00e4ngen bis zur Entstehung der ersten schriftlichen Aufzeichnungen. Folglich die ersten J\u00e4ger und Sammler Gesellschaften, die Entwicklung des Ackerbaus, die Metallverarbeitung und das Entstehen der ersten Siedlungen. <\/p>\n\n\n\n<p>In diesem Zeitraum bildet sich das menschliche Bewusstseins- und Gesellschaftsdenken, neben einer Vielzahl an technischen und wirtschaftlichen Fortschritten. Der Drang nach Identit\u00e4t, das Entstehen von Traditionen und Konventionen.  Mit Methoden wie Ausgrabungen, die Analyse von Funden und die Interpretation von arch\u00e4ologischen Befunden versuchen Arch\u00e4ologInnen das R\u00e4tsel unserer Vergangenheit, der Anf\u00e4nge des Menschens, greifbar zu machen.<\/p>\n","protected":false},"excerpt":{"rendered":"<p>Die vorgeschichtliche Arch\u00e4ologie ist ein Zweig der Arch\u00e4ologie, der sich mit der Erforschung der Kulturen und Gesellschaften vor der Einf\u00fchrung der Schrift besch\u00e4ftigt. Sie untersucht die materielle Kultur und die Entwicklung der menschlichen Gesellschaft und Technologie von den fr\u00fchesten Anf\u00e4ngen bis zur Entstehung der ersten schriftlichen Aufzeichnungen. Folglich die ersten J\u00e4ger und Sammler Gesellschaften, die &hellip; <a href=\"https:\/\/vfp-archaeologie.fs.lmu.de\/?page_id=1257\" class=\"more-link\">Continue reading <span class=\"screen-reader-text\">Vorgeschichtliche Arch\u00e4ologie<\/span> <span class=\"meta-nav\">&rarr;<\/span><\/a><\/p>\n","protected":false},"author":6,"featured_media":0,"parent":0,"menu_order":0,"comment_status":"closed","ping_status":"closed","template":"","meta":[],"_links":{"self":[{"href":"https:\/\/vfp-archaeologie.fs.lmu.de\/index.php?rest_route=\/wp\/v2\/pages\/1257"}],"collection":[{"href":"https:\/\/vfp-archaeologie.fs.lmu.de\/index.php?rest_route=\/wp\/v2\/pages"}],"about":[{"href":"https:\/\/vfp-archaeologie.fs.lmu.de\/index.php?rest_route=\/wp\/v2\/types\/page"}],"author":[{"embeddable":true,"href":"https:\/\/vfp-archaeologie.fs.lmu.de\/index.php?rest_route=\/wp\/v2\/users\/6"}],"replies":[{"embeddable":true,"href":"https:\/\/vfp-archaeologie.fs.lmu.de\/index.php?rest_route=%2Fwp%2Fv2%2Fcomments&post=1257"}],"version-history":[{"count":10,"href":"https:\/\/vfp-archaeologie.fs.lmu.de\/index.php?rest_route=\/wp\/v2\/pages\/1257\/revisions"}],"predecessor-version":[{"id":1404,"href":"https:\/\/vfp-archaeologie.fs.lmu.de\/index.php?rest_route=\/wp\/v2\/pages\/1257\/revisions\/1404"}],"wp:attachment":[{"href":"https:\/\/vfp-archaeologie.fs.lmu.de\/index.php?rest_route=%2Fwp%2Fv2%2Fmedia&parent=1257"}],"curies":[{"name":"wp","href":"https:\/\/api.w.org\/{rel}","templated":true}]}}