{"id":1258,"date":"2023-01-19T15:43:45","date_gmt":"2023-01-19T13:43:45","guid":{"rendered":"https:\/\/vfp-archaeologie.fs.lmu.de\/?page_id=1258"},"modified":"2023-01-21T14:18:53","modified_gmt":"2023-01-21T12:18:53","slug":"fruhgeschichtliche-archaologie","status":"publish","type":"page","link":"https:\/\/vfp-archaeologie.fs.lmu.de\/?page_id=1258","title":{"rendered":"Fr\u00fchgeschichtliche Arch\u00e4ologie"},"content":{"rendered":"\n<p>Fr\u00fchgeschichte, Mittelalterarch\u00e4ologie und Neuzeitarch\u00e4ologie sind Teilbereiche&nbsp;der&nbsp;<strong>Historischen Arch\u00e4ologie<\/strong>. Dieser Begriff wird zwar in den weltweit vielf\u00e4ltigen Traditionen der arch\u00e4ologischen F\u00e4cher unterschiedlich verwendet, meint aber letztlich eine arch\u00e4ologische Methodologie f\u00fcr Epochen mit &#8220;dichter \u00dcberlieferung&#8221;. Anders als in pr\u00e4historischen Epochen werden die Erkenntnisse zwar ebenfalls durch arch\u00e4ologische Methoden gewonnen &#8211; die Einbeziehung der schriftlichen und bildlichen Dokumente sowie von Zeitzeugenberichten in den j\u00fcngsten Phasen der Geschichte ist aber ebenso notwendig, um so zu umfassenden kulturwissenschaftlichen oder kulturhistorischen Aussagen zu gelangen. Damit ist Historische Arch\u00e4ologie auch ein Methodenb\u00fcndel, um unabh\u00e4ngig von Regionen und Epochen historische Prozesse und Strukturen in globaler Perspektive zu verstehen.<\/p>\n\n\n\n<p><a href=\"https:\/\/www.ufg.uni-kiel.de\/de\/professuren-bereiche\/historische-archaeologie\">Quelle<\/a><\/p>\n","protected":false},"excerpt":{"rendered":"<p>Fr\u00fchgeschichte, Mittelalterarch\u00e4ologie und Neuzeitarch\u00e4ologie sind Teilbereiche&nbsp;der&nbsp;Historischen Arch\u00e4ologie. Dieser Begriff wird zwar in den weltweit vielf\u00e4ltigen Traditionen der arch\u00e4ologischen F\u00e4cher unterschiedlich verwendet, meint aber letztlich eine arch\u00e4ologische Methodologie f\u00fcr Epochen mit &#8220;dichter \u00dcberlieferung&#8221;. Anders als in pr\u00e4historischen Epochen werden die Erkenntnisse zwar ebenfalls durch arch\u00e4ologische Methoden gewonnen &#8211; die Einbeziehung der schriftlichen und bildlichen Dokumente sowie &hellip; <a href=\"https:\/\/vfp-archaeologie.fs.lmu.de\/?page_id=1258\" class=\"more-link\">Continue reading <span class=\"screen-reader-text\">Fr\u00fchgeschichtliche Arch\u00e4ologie<\/span> <span class=\"meta-nav\">&rarr;<\/span><\/a><\/p>\n","protected":false},"author":6,"featured_media":0,"parent":0,"menu_order":0,"comment_status":"closed","ping_status":"closed","template":"","meta":[],"_links":{"self":[{"href":"https:\/\/vfp-archaeologie.fs.lmu.de\/index.php?rest_route=\/wp\/v2\/pages\/1258"}],"collection":[{"href":"https:\/\/vfp-archaeologie.fs.lmu.de\/index.php?rest_route=\/wp\/v2\/pages"}],"about":[{"href":"https:\/\/vfp-archaeologie.fs.lmu.de\/index.php?rest_route=\/wp\/v2\/types\/page"}],"author":[{"embeddable":true,"href":"https:\/\/vfp-archaeologie.fs.lmu.de\/index.php?rest_route=\/wp\/v2\/users\/6"}],"replies":[{"embeddable":true,"href":"https:\/\/vfp-archaeologie.fs.lmu.de\/index.php?rest_route=%2Fwp%2Fv2%2Fcomments&post=1258"}],"version-history":[{"count":6,"href":"https:\/\/vfp-archaeologie.fs.lmu.de\/index.php?rest_route=\/wp\/v2\/pages\/1258\/revisions"}],"predecessor-version":[{"id":1395,"href":"https:\/\/vfp-archaeologie.fs.lmu.de\/index.php?rest_route=\/wp\/v2\/pages\/1258\/revisions\/1395"}],"wp:attachment":[{"href":"https:\/\/vfp-archaeologie.fs.lmu.de\/index.php?rest_route=%2Fwp%2Fv2%2Fmedia&parent=1258"}],"curies":[{"name":"wp","href":"https:\/\/api.w.org\/{rel}","templated":true}]}}