{"id":1259,"date":"2023-01-19T15:43:45","date_gmt":"2023-01-19T13:43:45","guid":{"rendered":"https:\/\/vfp-archaeologie.fs.lmu.de\/?page_id=1259"},"modified":"2023-01-21T14:19:20","modified_gmt":"2023-01-21T12:19:20","slug":"provinzialromische-archaologie","status":"publish","type":"page","link":"https:\/\/vfp-archaeologie.fs.lmu.de\/?page_id=1259","title":{"rendered":"Provinzialr\u00f6mische Arch\u00e4ologie"},"content":{"rendered":"\n<p>Die Provinzialr\u00f6mische Arch\u00e4ologie versteht sich als altertumskundlich-historische Disziplin. Sie befa\u00dft sich mit der Geschichte, der Sachkultur und der Zivilisation der Provinzen des R\u00f6mischen Reichs, vor allem derjenigen des lateinischsprachigen Westens (z. B. an Rhein und oberer sowie mittlerer Donau, weiterhin England, Frankreich, Spanien und Nordafrika von Marokko bis Libyen). Den zeitlichen Rahmen bilden Beginn und Ende der milit\u00e4rischen und zivilen Verwaltung der jeweiligen Provinz, d. h. von der sp\u00e4ten Republik (2.\/1 Jahrhundert v. Chr.) bis in die Sp\u00e4tantike (5. bis l\u00e4ngstens Mitte bzw. Ende des 7. Jahrhunderts n. Chr.).<\/p>\n\n\n\n<p>Neben den schriftlichen Quellen stehen die materiellen Hinterlassenschaften &#8211; von allt\u00e4glicher Sachkultur bis zu ober- und untert\u00e4gigen Bodendenkm\u00e4lern und Monumenten &#8211; im Zentrum des Interesses und der fachspezifischen Methodik. Es ist eine der Aufgaben des Faches den Denkm\u00e4lerbestand und die vielf\u00e4ltigen Fund- und Materialgattungen zu dokumentieren und zu erschlie\u00dfen, um komplexe Fragen zu Okkupations- und Provinzialisierungsvorg\u00e4ngen, aber auch zur Akkulturation der einheimischen Bev\u00f6lkerung und zur Verschmelzung r\u00f6misch-mediterraner mit autochthoner Kultur beantworten zu k\u00f6nnen; ber\u00fccksichtigt werden dabei unterschiedlichste Bereiche von Siedlungsformen und Bauweise \u00fcber Kleidung und Tracht bis Brauchtum, Kult und Religion.&nbsp;&nbsp;&nbsp;<\/p>\n\n\n\n<p>Sowohl milit\u00e4r- und siedlungsgeschichtliche Entwicklungen als auch wirtschafts- und handelsgeschichtliche Strukturen, Prozesse und Ver\u00e4nderungen in einzelnen oder mehreren Provinzen und gr\u00f6\u00dferen Regionen lassen sich aufgrund der verf\u00fcgbaren materiellen Hinterlassenschaften analysieren und weit differenzierter beurteilen als nur auf der Grundlage schriftlicher Quellen.<\/p>\n\n\n\n<p>Interdisziplin\u00e4re Zusammenarbeit pr\u00e4gt seit jeher die provinzialr\u00f6mische Forschung. Dies gilt f\u00fcr altertumskundliche Teildisziplinen wie R\u00f6mische Epigraphik und Numismatik sowie f\u00fcr andere arch\u00e4ologische F\u00e4cher, aber auch f\u00fcr den Einsatz moderner naturwissenschaftlicher Methoden z. B. bei der Altersbestimmung (Dendrochronologie) oder auch bei der systematischen Erkundung des Gel\u00e4ndes auf dem Boden (geophysikalische Prospektion) und aus der Luft (Flugprospektion).<\/p>\n\n\n\n<p><a href=\"https:\/\/www.vfp-archaeologie.uni-muenchen.de\/ueber_uns\/provinzial\/index.html\">Quelle<\/a><\/p>\n","protected":false},"excerpt":{"rendered":"<p>Die Provinzialr\u00f6mische Arch\u00e4ologie versteht sich als altertumskundlich-historische Disziplin. Sie befa\u00dft sich mit der Geschichte, der Sachkultur und der Zivilisation der Provinzen des R\u00f6mischen Reichs, vor allem derjenigen des lateinischsprachigen Westens (z. B. an Rhein und oberer sowie mittlerer Donau, weiterhin England, Frankreich, Spanien und Nordafrika von Marokko bis Libyen). Den zeitlichen Rahmen bilden Beginn und &hellip; <a href=\"https:\/\/vfp-archaeologie.fs.lmu.de\/?page_id=1259\" class=\"more-link\">Continue reading <span class=\"screen-reader-text\">Provinzialr\u00f6mische Arch\u00e4ologie<\/span> <span class=\"meta-nav\">&rarr;<\/span><\/a><\/p>\n","protected":false},"author":6,"featured_media":0,"parent":0,"menu_order":0,"comment_status":"closed","ping_status":"closed","template":"","meta":[],"_links":{"self":[{"href":"https:\/\/vfp-archaeologie.fs.lmu.de\/index.php?rest_route=\/wp\/v2\/pages\/1259"}],"collection":[{"href":"https:\/\/vfp-archaeologie.fs.lmu.de\/index.php?rest_route=\/wp\/v2\/pages"}],"about":[{"href":"https:\/\/vfp-archaeologie.fs.lmu.de\/index.php?rest_route=\/wp\/v2\/types\/page"}],"author":[{"embeddable":true,"href":"https:\/\/vfp-archaeologie.fs.lmu.de\/index.php?rest_route=\/wp\/v2\/users\/6"}],"replies":[{"embeddable":true,"href":"https:\/\/vfp-archaeologie.fs.lmu.de\/index.php?rest_route=%2Fwp%2Fv2%2Fcomments&post=1259"}],"version-history":[{"count":5,"href":"https:\/\/vfp-archaeologie.fs.lmu.de\/index.php?rest_route=\/wp\/v2\/pages\/1259\/revisions"}],"predecessor-version":[{"id":1397,"href":"https:\/\/vfp-archaeologie.fs.lmu.de\/index.php?rest_route=\/wp\/v2\/pages\/1259\/revisions\/1397"}],"wp:attachment":[{"href":"https:\/\/vfp-archaeologie.fs.lmu.de\/index.php?rest_route=%2Fwp%2Fv2%2Fmedia&parent=1259"}],"curies":[{"name":"wp","href":"https:\/\/api.w.org\/{rel}","templated":true}]}}