{"id":1421,"date":"2023-01-31T14:08:47","date_gmt":"2023-01-31T12:08:47","guid":{"rendered":"https:\/\/vfp-archaeologie.fs.lmu.de\/?page_id=1421"},"modified":"2023-02-08T17:38:31","modified_gmt":"2023-02-08T15:38:31","slug":"statteberg","status":"publish","type":"page","link":"https:\/\/vfp-archaeologie.fs.lmu.de\/?page_id=1421","title":{"rendered":"St\u00e4tteberg"},"content":{"rendered":"\n<p>Die Grabung an der mittelbronzezeitlichen Befestigung auf dem St\u00e4tteberg ist eine Aufarbeitung und Weiterf\u00fchrung einer Altgrabung, die unter Leitung von Wolfgang Dehn 1951 durchgef\u00fchrt wurde.<\/p>\n\n\n\n<p>Das im Rahmen einer Lehrgrabung organisierte Projekt wird von Prof. Dr. Carola Metzner Nebelsick (LMU) und Prof. Dr. Louis D. Nebelsick (UKSW Warschau) geleitet. Grabungsassistenz ist Dr. Ken Massy (LMU), die Graphische Gestaltung wird von Thomas Simeth MA (LMU) \u00fcbernommen.<br>F\u00fcr die anthropologischen Ergebnisse der Grabung ist Prof. Dr. Wolf-R\u00fcdiger Teegen (LMU) zust\u00e4ndig.<\/p>\n\n\n\n<p>N\u00e4heres auf unserer <a href=\"https:\/\/www.vfp-archaeologie.uni-muenchen.de\/forschung\/vorfrueh\/staetteberg\/index.html\">Institutsseite<\/a><\/p>\n\n\n\n<p><\/p>\n\n\n\n<p><\/p>\n","protected":false},"excerpt":{"rendered":"<p>Die Grabung an der mittelbronzezeitlichen Befestigung auf dem St\u00e4tteberg ist eine Aufarbeitung und Weiterf\u00fchrung einer Altgrabung, die unter Leitung von Wolfgang Dehn 1951 durchgef\u00fchrt wurde. Das im Rahmen einer Lehrgrabung organisierte Projekt wird von Prof. Dr. Carola Metzner Nebelsick (LMU) und Prof. Dr. Louis D. Nebelsick (UKSW Warschau) geleitet. Grabungsassistenz ist Dr. Ken Massy (LMU), &hellip; <a href=\"https:\/\/vfp-archaeologie.fs.lmu.de\/?page_id=1421\" class=\"more-link\">Continue reading <span class=\"screen-reader-text\">St\u00e4tteberg<\/span> <span class=\"meta-nav\">&rarr;<\/span><\/a><\/p>\n","protected":false},"author":6,"featured_media":0,"parent":1337,"menu_order":2,"comment_status":"closed","ping_status":"closed","template":"","meta":[],"_links":{"self":[{"href":"https:\/\/vfp-archaeologie.fs.lmu.de\/index.php?rest_route=\/wp\/v2\/pages\/1421"}],"collection":[{"href":"https:\/\/vfp-archaeologie.fs.lmu.de\/index.php?rest_route=\/wp\/v2\/pages"}],"about":[{"href":"https:\/\/vfp-archaeologie.fs.lmu.de\/index.php?rest_route=\/wp\/v2\/types\/page"}],"author":[{"embeddable":true,"href":"https:\/\/vfp-archaeologie.fs.lmu.de\/index.php?rest_route=\/wp\/v2\/users\/6"}],"replies":[{"embeddable":true,"href":"https:\/\/vfp-archaeologie.fs.lmu.de\/index.php?rest_route=%2Fwp%2Fv2%2Fcomments&post=1421"}],"version-history":[{"count":3,"href":"https:\/\/vfp-archaeologie.fs.lmu.de\/index.php?rest_route=\/wp\/v2\/pages\/1421\/revisions"}],"predecessor-version":[{"id":1437,"href":"https:\/\/vfp-archaeologie.fs.lmu.de\/index.php?rest_route=\/wp\/v2\/pages\/1421\/revisions\/1437"}],"up":[{"embeddable":true,"href":"https:\/\/vfp-archaeologie.fs.lmu.de\/index.php?rest_route=\/wp\/v2\/pages\/1337"}],"wp:attachment":[{"href":"https:\/\/vfp-archaeologie.fs.lmu.de\/index.php?rest_route=%2Fwp%2Fv2%2Fmedia&parent=1421"}],"curies":[{"name":"wp","href":"https:\/\/api.w.org\/{rel}","templated":true}]}}