{"id":144,"date":"2014-10-09T16:40:43","date_gmt":"2014-10-09T14:40:43","guid":{"rendered":"http:\/\/vfp-archaeologie.fs.lmu.de\/?page_id=144"},"modified":"2023-04-27T11:43:16","modified_gmt":"2023-04-27T09:43:16","slug":"infos-studiengang","status":"publish","type":"page","link":"https:\/\/vfp-archaeologie.fs.lmu.de\/?page_id=144","title":{"rendered":"Infos Studiengang"},"content":{"rendered":"\n<p><strong>Arch\u00e4ologie an der LMU M\u00fcnchen<\/strong><\/p>\n\n\n\n<p>\u00dcbersicht Studiengang &#8220;Arch\u00e4ologie: Europa und Vorderer Orient (Bachelor)&#8221;<br><a title=\"Arch\u00c3\u00a4o\" href=\"http:\/\/www.uni-muenchen.de\/studium\/studienangebot\/studiengaenge\/studienfaecher\/archaeol_euro_orient\/bachelor\/index.html\" target=\"_blank\" rel=\"noopener\">Arch\u00e4ologie: Europa und Vorderer Orient (Bachelor)<\/a><\/p>\n\n\n\n<p>Allgemeine Informationen und Termin\u00fcbersichten der B.A.-Studieng\u00e4nge der Fakult\u00e4t f\u00fcr Kulturwissenschaften<br><a href=\"http:\/\/www.kulturwissenschaften.uni-muenchen.de\/studium\/ba_studien\/index.html\" target=\"_blank\" rel=\"noreferrer noopener\">B.A. Studieng\u00e4nge<\/a><\/p>\n\n\n\n<p>Grafik des Studienverlaufes<br><a href=\"http:\/\/www.kulturwissenschaften.uni-muenchen.de\/studium\/ba_studien\/ba_hf_arch_180\/downloads\/ba_arch_poster_.pdf\" target=\"_blank\" rel=\"noreferrer noopener\">Arch\u00e4ologie: Europa und Vorder Orient (180 und 120 ECTS)<\/a><\/p>\n\n\n\n<p>Studienf\u00fchrer VFPA <br><a href=\"https:\/\/www.vfp-archaeologie.uni-muenchen.de\/studium_lehre\/studienfuehrer_vfpa.pdf\">Studienf\u00fchrer<\/a><\/p>\n\n\n\n<p><strong>Immatrikulation an der LMU M\u00fcnchen<\/strong><\/p>\n\n\n\n<p>Zentrale Studienberatung<br><a href=\"http:\/\/www.uni-muenchen.de\/studium\/kontakt\/zsb\/index.html\" target=\"_blank\" rel=\"noreferrer noopener\">ZSB<\/a><\/p>\n\n\n\n<p>Online-Funktion<br><a href=\"http:\/\/www.uni-muenchen.de\/studium\/hochschulzugang\/bewerb_einschreib\/verfahren\/online_einschreib\/index.html\" target=\"_blank\" rel=\"noreferrer noopener\">Online-Immatrikulation<\/a><\/p>\n","protected":false},"excerpt":{"rendered":"<p>Arch\u00e4ologie an der LMU M\u00fcnchen \u00dcbersicht Studiengang &#8220;Arch\u00e4ologie: Europa und Vorderer Orient (Bachelor)&#8221;Arch\u00e4ologie: Europa und Vorderer Orient (Bachelor) Allgemeine Informationen und Termin\u00fcbersichten der B.A.-Studieng\u00e4nge der Fakult\u00e4t f\u00fcr KulturwissenschaftenB.A. Studieng\u00e4nge Grafik des StudienverlaufesArch\u00e4ologie: Europa und Vorder Orient (180 und 120 ECTS) Studienf\u00fchrer VFPA Studienf\u00fchrer Immatrikulation an der LMU M\u00fcnchen Zentrale StudienberatungZSB Online-FunktionOnline-Immatrikulation<\/p>\n","protected":false},"author":6,"featured_media":0,"parent":0,"menu_order":0,"comment_status":"open","ping_status":"open","template":"","meta":[],"_links":{"self":[{"href":"https:\/\/vfp-archaeologie.fs.lmu.de\/index.php?rest_route=\/wp\/v2\/pages\/144"}],"collection":[{"href":"https:\/\/vfp-archaeologie.fs.lmu.de\/index.php?rest_route=\/wp\/v2\/pages"}],"about":[{"href":"https:\/\/vfp-archaeologie.fs.lmu.de\/index.php?rest_route=\/wp\/v2\/types\/page"}],"author":[{"embeddable":true,"href":"https:\/\/vfp-archaeologie.fs.lmu.de\/index.php?rest_route=\/wp\/v2\/users\/6"}],"replies":[{"embeddable":true,"href":"https:\/\/vfp-archaeologie.fs.lmu.de\/index.php?rest_route=%2Fwp%2Fv2%2Fcomments&post=144"}],"version-history":[{"count":14,"href":"https:\/\/vfp-archaeologie.fs.lmu.de\/index.php?rest_route=\/wp\/v2\/pages\/144\/revisions"}],"predecessor-version":[{"id":1490,"href":"https:\/\/vfp-archaeologie.fs.lmu.de\/index.php?rest_route=\/wp\/v2\/pages\/144\/revisions\/1490"}],"wp:attachment":[{"href":"https:\/\/vfp-archaeologie.fs.lmu.de\/index.php?rest_route=%2Fwp%2Fv2%2Fmedia&parent=144"}],"curies":[{"name":"wp","href":"https:\/\/api.w.org\/{rel}","templated":true}]}}