{"id":1542,"date":"2023-06-12T19:30:37","date_gmt":"2023-06-12T17:30:37","guid":{"rendered":"https:\/\/vfp-archaeologie.fs.lmu.de\/?page_id=1542"},"modified":"2023-10-19T15:02:37","modified_gmt":"2023-10-19T13:02:37","slug":"sondervortrage","status":"publish","type":"page","link":"https:\/\/vfp-archaeologie.fs.lmu.de\/?page_id=1542","title":{"rendered":"Sondervortr\u00e4ge"},"content":{"rendered":"\n<p>Hier findet ihr alle Vortr\u00e4ge au\u00dferhalb der Mittwochskolloquien!<\/p>\n\n\n\n<p class=\"has-white-color has-vivid-cyan-blue-background-color has-text-color has-background has-medium-font-size\"><strong>ABC (ArchaeoBioCenter)-Vortr\u00e4ge<\/strong><\/p>\n\n\n\n<div class=\"wp-block-image\"><figure class=\"aligncenter size-large\"><a href=\"https:\/\/vfp-archaeologie.fs.lmu.de\/wp-content\/uploads\/2023\/10\/wise-poster-2324.png\"><img loading=\"lazy\" width=\"465\" height=\"658\" src=\"https:\/\/vfp-archaeologie.fs.lmu.de\/wp-content\/uploads\/2023\/10\/wise-poster-2324.png\" alt=\"\" class=\"wp-image-1608\" srcset=\"https:\/\/vfp-archaeologie.fs.lmu.de\/wp-content\/uploads\/2023\/10\/wise-poster-2324.png 465w, https:\/\/vfp-archaeologie.fs.lmu.de\/wp-content\/uploads\/2023\/10\/wise-poster-2324-212x300.png 212w\" sizes=\"(max-width: 465px) 100vw, 465px\" \/><\/a><\/figure><\/div>\n\n\n\n<p class=\"has-white-color has-text-color has-background has-medium-font-size\" style=\"background-color:#9f6cad\"><strong>Vortragsreihe der Universit\u00e4t Hamburg<\/strong><\/p>\n\n\n\n<div class=\"wp-block-image\"><figure class=\"aligncenter size-large\"><a href=\"https:\/\/vfp-archaeologie.fs.lmu.de\/wp-content\/uploads\/2023\/10\/Flyer_Vortraege_Wintersemester_2023_Seite_1.png\"><img loading=\"lazy\" width=\"875\" height=\"624\" src=\"https:\/\/vfp-archaeologie.fs.lmu.de\/wp-content\/uploads\/2023\/10\/Flyer_Vortraege_Wintersemester_2023_Seite_1.png\" alt=\"\" class=\"wp-image-1588\" srcset=\"https:\/\/vfp-archaeologie.fs.lmu.de\/wp-content\/uploads\/2023\/10\/Flyer_Vortraege_Wintersemester_2023_Seite_1.png 875w, https:\/\/vfp-archaeologie.fs.lmu.de\/wp-content\/uploads\/2023\/10\/Flyer_Vortraege_Wintersemester_2023_Seite_1-300x214.png 300w, https:\/\/vfp-archaeologie.fs.lmu.de\/wp-content\/uploads\/2023\/10\/Flyer_Vortraege_Wintersemester_2023_Seite_1-768x548.png 768w\" sizes=\"(max-width: 875px) 100vw, 875px\" \/><\/a><\/figure><\/div>\n\n\n\n<div class=\"wp-block-image\"><figure class=\"aligncenter size-large\"><a href=\"https:\/\/vfp-archaeologie.fs.lmu.de\/wp-content\/uploads\/2023\/10\/Flyer_Vortraege_Wintersemester_2023_Seite_2.png\"><img loading=\"lazy\" width=\"1024\" height=\"730\" src=\"https:\/\/vfp-archaeologie.fs.lmu.de\/wp-content\/uploads\/2023\/10\/Flyer_Vortraege_Wintersemester_2023_Seite_2-1024x730.png\" alt=\"\" class=\"wp-image-1589\" srcset=\"https:\/\/vfp-archaeologie.fs.lmu.de\/wp-content\/uploads\/2023\/10\/Flyer_Vortraege_Wintersemester_2023_Seite_2-1024x730.png 1024w, https:\/\/vfp-archaeologie.fs.lmu.de\/wp-content\/uploads\/2023\/10\/Flyer_Vortraege_Wintersemester_2023_Seite_2-300x214.png 300w, https:\/\/vfp-archaeologie.fs.lmu.de\/wp-content\/uploads\/2023\/10\/Flyer_Vortraege_Wintersemester_2023_Seite_2-768x548.png 768w, https:\/\/vfp-archaeologie.fs.lmu.de\/wp-content\/uploads\/2023\/10\/Flyer_Vortraege_Wintersemester_2023_Seite_2.png 1067w\" sizes=\"(max-width: 1024px) 100vw, 1024px\" \/><\/a><\/figure><\/div>\n","protected":false},"excerpt":{"rendered":"<p>Hier findet ihr alle Vortr\u00e4ge au\u00dferhalb der Mittwochskolloquien! ABC (ArchaeoBioCenter)-Vortr\u00e4ge Vortragsreihe der Universit\u00e4t Hamburg<\/p>\n","protected":false},"author":6,"featured_media":0,"parent":0,"menu_order":0,"comment_status":"closed","ping_status":"closed","template":"","meta":[],"_links":{"self":[{"href":"https:\/\/vfp-archaeologie.fs.lmu.de\/index.php?rest_route=\/wp\/v2\/pages\/1542"}],"collection":[{"href":"https:\/\/vfp-archaeologie.fs.lmu.de\/index.php?rest_route=\/wp\/v2\/pages"}],"about":[{"href":"https:\/\/vfp-archaeologie.fs.lmu.de\/index.php?rest_route=\/wp\/v2\/types\/page"}],"author":[{"embeddable":true,"href":"https:\/\/vfp-archaeologie.fs.lmu.de\/index.php?rest_route=\/wp\/v2\/users\/6"}],"replies":[{"embeddable":true,"href":"https:\/\/vfp-archaeologie.fs.lmu.de\/index.php?rest_route=%2Fwp%2Fv2%2Fcomments&post=1542"}],"version-history":[{"count":5,"href":"https:\/\/vfp-archaeologie.fs.lmu.de\/index.php?rest_route=\/wp\/v2\/pages\/1542\/revisions"}],"predecessor-version":[{"id":1610,"href":"https:\/\/vfp-archaeologie.fs.lmu.de\/index.php?rest_route=\/wp\/v2\/pages\/1542\/revisions\/1610"}],"wp:attachment":[{"href":"https:\/\/vfp-archaeologie.fs.lmu.de\/index.php?rest_route=%2Fwp%2Fv2%2Fmedia&parent=1542"}],"curies":[{"name":"wp","href":"https:\/\/api.w.org\/{rel}","templated":true}]}}