{"id":207,"date":"2014-10-10T15:57:22","date_gmt":"2014-10-10T13:57:22","guid":{"rendered":"http:\/\/vfp-archaeologie.fs.lmu.de\/?page_id=207"},"modified":"2023-01-19T01:31:00","modified_gmt":"2023-01-18T23:31:00","slug":"winckelmann-cup","status":"publish","type":"page","link":"https:\/\/vfp-archaeologie.fs.lmu.de\/?page_id=207","title":{"rendered":"Winckelmann-Cup"},"content":{"rendered":"\n<p class=\"has-text-align-center\"><span class=\"has-inline-color has-vivid-red-color\"><strong>Leider existiert derzeit der 1. LBK 1328 M\u00fcnchen nicht mehr!<\/strong><\/span><\/p>\n\n\n\n<p>Hier finden sich Informationen \u00fcber den wohl legend\u00e4rsten Cup der Fu\u00dfballgeschichte.<br><em>(f\u00fcr Infos zur WMC-\u00dcbung s.u.)<\/em><\/p>\n\n\n\n<p>Die Fachschaft Vor- und Fr\u00fchgeschichtliche Arch\u00e4ologie und Provinzialr\u00f6mische Arch\u00e4ologie bietet euch Studierenden nicht nur ein breites Angebot an Hilfestellungen zu eurem Studium oder M\u00f6glichkeiten sich in das studentische Leben im Historicum einzubringen, sondern auch die Option in einer der zwei Fu\u00dfballmannschaften der M\u00fcnchner Arch\u00e4ologen aktiv zu werden.<br>Die Rede ist nat\u00fcrlich vom <strong><span style=\"color: #228b22;\">1. LBK 1328 M\u00fcnchen<\/span><\/strong>, einer Mannschaft die sich haupts\u00e4chlich aus VFPA-lern und den Vorderasiaten (VAA-lern) zusammensetzt.<\/p>\n\n\n\n<p>Der LBK wurde 2008 von Studenten der Vor- und Fr\u00fchgeschichte gegr\u00fcndet und nahm seitdem regelm\u00e4\u00dfig am WMC teil (mit einer Ausnahme). Die urspr\u00fcngliche Bedeutung des K\u00fcrzels LBK ist im Nebel der Geschichte und wohl auch im Alkoholdunst verloren gegangen, jedoch gelten die Deutungen als &#8220;Leibes- und Ballsportklub&#8221;, &#8220;Linienbandkeramik&#8221; oder &#8220;Leberk\u00e4s&#8221; als die g\u00e4ngigsten in der Fachwelt. Die Zahl 1328 sollte sich jedem Kundigen von selbst erschlie\u00dfen und spiegelt die zweite Mission des Vereins (neben dem Sport) wieder.<\/p>\n\n\n\n<p>Fest steht allerdings, dass der LBK seit seiner Gr\u00fcndung mit grandiosen Erfolg am altehrw\u00fcrdigem Winckelmanncup teilnimmt, dem wohl gr\u00f6\u00dften Fu\u00dfballturnier f\u00fcr Arch\u00e4ologen auf der Welt!<\/p>\n\n\n\n<p>In den letzten Jahren fanden sich immer ca. 700 Arch\u00e4ologen aus Dutzenden deutschen und europ\u00e4ischen Universit\u00e4ten an wechselnden Austragungsorten ein, um neben der besten arch\u00e4ologischen Fu\u00dfballmannschaft auch die besten Trinker, Partymacher und weitere herausragende Personen zu bestimmen und angemessen zu ehren. Eine detaillierte Historie, sowie die ewige Tabelle findet sich auf der <a title=\"Henge Kickers\" href=\"http:\/\/www.dd-henge-kickers.de\/winckelmann.htm\">Homepage der Henge Kickers aus Dresden<\/a>.<\/p>\n\n\n\n<p>Wer also Lust hat an dieser gro\u00dfartigen Veranstaltung teilzunehmen, sei es als <strong>aktiver Spieler oder als Fan<\/strong> unserer heroischen Mannschaft, sollte sich diese M\u00f6glichkeit w\u00e4hrend seines Studiums nicht entgehen lassen und sich einfach bei unserer Fachschaft melden. Vielleicht erigbt sich doch noch die M\u00f6glichkeit spontan mitzufahren. Denn wo sonst l\u00e4sst sich mit derart vielen Arch\u00e4ologen zusammen dem Fu\u00dfball und dem Biere fr\u00f6nen und ins Gespr\u00e4ch kommen. Der Spa\u00df und die Geselligkeit stehen hierbei deutlich im Vordergrund. Ein absolutes Muss!<\/p>\n\n\n\n<p>F\u00fcr die aktiven gibt es ein w\u00f6chentliches Training, die Termine sind \u00c3\u00bcber unsere Facebookgruppe (<a title=\"FB WMC Training M\u00c3\u00bcnchen\" href=\"https:\/\/www.facebook.com\/groups\/341542012603185\/\">Training Winckelmanncup 2015<\/a>) zu erfahren. Wir freuen uns \u00fcber jeden Mitspieler und ganz besonders \u00fcber <strong>Mitspielerinnen (verpflichtende Frauenquote beim WMC), deshalb seid nicht sch\u00fcchtern<\/strong>. Das Training ist nicht hart oder in irgendeiner Weise leistungsorientiert, der LBK zeigt seine besten Leistungen traditionsgem\u00e4\u00df nicht auf dem Fu\u00dfballplatz sondern an der Theke. Das sog. Thekentraining findet daher meist im Anschluss an das Fu\u00dfballtraining statt (auf freiwilliger Basis).<\/p>\n\n\n\n<p>Wer sich nun also berufen f\u00fchlt oder einfach nur Lust hat in verschwitzter, aber freundlicher Atmosph\u00e4re das eine oder andere Wei\u00dfbier zu trinken, der darf sich gerne bei Lukas Erlacher, Laurin St\u00f6ckert, Steffi Schmittner oder Samuel Du\u00dfwald melden, zwecks genauerer Infos.<\/p>\n\n\n\n<figure class=\"wp-block-image\"><a href=\"http:\/\/vfp-archaeologie.fs.lmu.de\/wp-content\/uploads\/2014\/10\/LBK_2014.jpg\"><img loading=\"lazy\" width=\"1024\" height=\"685\" src=\"http:\/\/vfp-archaeologie.fs.lmu.de\/wp-content\/uploads\/2014\/10\/LBK_2014-1024x685.jpg\" alt=\"LBK_2014\" class=\"wp-image-352\" srcset=\"https:\/\/vfp-archaeologie.fs.lmu.de\/wp-content\/uploads\/2014\/10\/LBK_2014-1024x685.jpg 1024w, https:\/\/vfp-archaeologie.fs.lmu.de\/wp-content\/uploads\/2014\/10\/LBK_2014-300x200.jpg 300w, https:\/\/vfp-archaeologie.fs.lmu.de\/wp-content\/uploads\/2014\/10\/LBK_2014.jpg 2048w\" sizes=\"(max-width: 1024px) 100vw, 1024px\" \/><\/a><\/figure>\n\n\n\n<figure class=\"wp-block-image\"><a href=\"http:\/\/vfp-archaeologie.fs.lmu.de\/wp-content\/uploads\/2014\/10\/11061977_1625311034425236_6321907058673905505_n.jpg\"><img loading=\"lazy\" width=\"300\" height=\"201\" src=\"http:\/\/vfp-archaeologie.fs.lmu.de\/wp-content\/uploads\/2014\/10\/11061977_1625311034425236_6321907058673905505_n-300x201.jpg\" alt=\"11061977_1625311034425236_6321907058673905505_n\" class=\"wp-image-470\" srcset=\"https:\/\/vfp-archaeologie.fs.lmu.de\/wp-content\/uploads\/2014\/10\/11061977_1625311034425236_6321907058673905505_n-300x201.jpg 300w, https:\/\/vfp-archaeologie.fs.lmu.de\/wp-content\/uploads\/2014\/10\/11061977_1625311034425236_6321907058673905505_n.jpg 960w\" sizes=\"(max-width: 300px) 100vw, 300px\" \/><\/a><\/figure>\n\n\n\n<p>2. Mannschaft aus M\u00fcnchen (Klassische Arch\u00e4ologie)<br><span style=\"color: #2200ff;\">Mars Ultor M\u00fcnchen<\/span><\/p>\n","protected":false},"excerpt":{"rendered":"<p>Leider existiert derzeit der 1. LBK 1328 M\u00fcnchen nicht mehr! Hier finden sich Informationen \u00fcber den wohl legend\u00e4rsten Cup der Fu\u00dfballgeschichte.(f\u00fcr Infos zur WMC-\u00dcbung s.u.) Die Fachschaft Vor- und Fr\u00fchgeschichtliche Arch\u00e4ologie und Provinzialr\u00f6mische Arch\u00e4ologie bietet euch Studierenden nicht nur ein breites Angebot an Hilfestellungen zu eurem Studium oder M\u00f6glichkeiten sich in das studentische Leben im &hellip; <a href=\"https:\/\/vfp-archaeologie.fs.lmu.de\/?page_id=207\" class=\"more-link\">Continue reading <span class=\"screen-reader-text\">Winckelmann-Cup<\/span> <span class=\"meta-nav\">&rarr;<\/span><\/a><\/p>\n","protected":false},"author":6,"featured_media":0,"parent":0,"menu_order":0,"comment_status":"closed","ping_status":"open","template":"","meta":[],"_links":{"self":[{"href":"https:\/\/vfp-archaeologie.fs.lmu.de\/index.php?rest_route=\/wp\/v2\/pages\/207"}],"collection":[{"href":"https:\/\/vfp-archaeologie.fs.lmu.de\/index.php?rest_route=\/wp\/v2\/pages"}],"about":[{"href":"https:\/\/vfp-archaeologie.fs.lmu.de\/index.php?rest_route=\/wp\/v2\/types\/page"}],"author":[{"embeddable":true,"href":"https:\/\/vfp-archaeologie.fs.lmu.de\/index.php?rest_route=\/wp\/v2\/users\/6"}],"replies":[{"embeddable":true,"href":"https:\/\/vfp-archaeologie.fs.lmu.de\/index.php?rest_route=%2Fwp%2Fv2%2Fcomments&post=207"}],"version-history":[{"count":24,"href":"https:\/\/vfp-archaeologie.fs.lmu.de\/index.php?rest_route=\/wp\/v2\/pages\/207\/revisions"}],"predecessor-version":[{"id":1242,"href":"https:\/\/vfp-archaeologie.fs.lmu.de\/index.php?rest_route=\/wp\/v2\/pages\/207\/revisions\/1242"}],"wp:attachment":[{"href":"https:\/\/vfp-archaeologie.fs.lmu.de\/index.php?rest_route=%2Fwp%2Fv2%2Fmedia&parent=207"}],"curies":[{"name":"wp","href":"https:\/\/api.w.org\/{rel}","templated":true}]}}