{"id":253,"date":"2014-10-11T23:13:21","date_gmt":"2014-10-11T21:13:21","guid":{"rendered":"http:\/\/vfp-archaeologie.fs.lmu.de\/?page_id=253"},"modified":"2020-06-01T12:01:25","modified_gmt":"2020-06-01T10:01:25","slug":"impressum","status":"publish","type":"page","link":"https:\/\/vfp-archaeologie.fs.lmu.de\/?page_id=253","title":{"rendered":"Impressum"},"content":{"rendered":"<p><span style=\"color: #a9a9a9;\">Diese Seite wird von der Fachschaft Vor- und Fr\u00fchgeschichtliche Arch\u00e4ologie<br \/>\nund Provinzialr\u00f6mische Arch\u00e4ologie betrieben.<\/span><\/p>\n<p><span style=\"color: #a9a9a9;\">F\u00fcr den Inhalt von verlinkten Seiten \u00fcbernimmt die Fachschaft VFPA<br \/>\nkeinerlei Verantwortung.<\/span><\/p>\n<p><span style=\"color: #a9a9a9;\">Alle Rechte vorbehalten. Bilder, Grafiken, Sound, Animationen und Videos sowie<br \/>\nderen Anordnung auf dieser Webseite unterliegen dem Schutz des Urheberrechts<br \/>\nund anderer Schutzgesetze.<br \/>\nF\u00fcr das Kopieren oder Weiterverwenden der Seiten und der selbst erstellten Grafiken<br \/>\nist eine schriftliche Erlaubnis oder ein Erwerb der Bildrechte unabdingbar.<\/span><\/p>\n","protected":false},"excerpt":{"rendered":"<p>Diese Seite wird von der Fachschaft Vor- und Fr\u00fchgeschichtliche Arch\u00e4ologie und Provinzialr\u00f6mische Arch\u00e4ologie betrieben. F\u00fcr den Inhalt von verlinkten Seiten \u00fcbernimmt die Fachschaft VFPA keinerlei Verantwortung. Alle Rechte vorbehalten. Bilder, Grafiken, Sound, Animationen und Videos sowie deren Anordnung auf dieser Webseite unterliegen dem Schutz des Urheberrechts und anderer Schutzgesetze. F\u00fcr das Kopieren oder Weiterverwenden der &hellip; <a href=\"https:\/\/vfp-archaeologie.fs.lmu.de\/?page_id=253\" class=\"more-link\">Continue reading <span class=\"screen-reader-text\">Impressum<\/span> <span class=\"meta-nav\">&rarr;<\/span><\/a><\/p>\n","protected":false},"author":6,"featured_media":0,"parent":0,"menu_order":0,"comment_status":"closed","ping_status":"open","template":"","meta":[],"_links":{"self":[{"href":"https:\/\/vfp-archaeologie.fs.lmu.de\/index.php?rest_route=\/wp\/v2\/pages\/253"}],"collection":[{"href":"https:\/\/vfp-archaeologie.fs.lmu.de\/index.php?rest_route=\/wp\/v2\/pages"}],"about":[{"href":"https:\/\/vfp-archaeologie.fs.lmu.de\/index.php?rest_route=\/wp\/v2\/types\/page"}],"author":[{"embeddable":true,"href":"https:\/\/vfp-archaeologie.fs.lmu.de\/index.php?rest_route=\/wp\/v2\/users\/6"}],"replies":[{"embeddable":true,"href":"https:\/\/vfp-archaeologie.fs.lmu.de\/index.php?rest_route=%2Fwp%2Fv2%2Fcomments&post=253"}],"version-history":[{"count":12,"href":"https:\/\/vfp-archaeologie.fs.lmu.de\/index.php?rest_route=\/wp\/v2\/pages\/253\/revisions"}],"predecessor-version":[{"id":944,"href":"https:\/\/vfp-archaeologie.fs.lmu.de\/index.php?rest_route=\/wp\/v2\/pages\/253\/revisions\/944"}],"wp:attachment":[{"href":"https:\/\/vfp-archaeologie.fs.lmu.de\/index.php?rest_route=%2Fwp%2Fv2%2Fmedia&parent=253"}],"curies":[{"name":"wp","href":"https:\/\/api.w.org\/{rel}","templated":true}]}}