{"id":327,"date":"2014-10-13T21:48:33","date_gmt":"2014-10-13T19:48:33","guid":{"rendered":"http:\/\/vfp-archaeologie.fs.lmu.de\/?page_id=327"},"modified":"2020-06-01T12:00:41","modified_gmt":"2020-06-01T10:00:41","slug":"grabungsfirmen","status":"publish","type":"page","link":"https:\/\/vfp-archaeologie.fs.lmu.de\/?page_id=327","title":{"rendered":"Grabungsfirmen"},"content":{"rendered":"<p>Da immer wieder Arbeitsm\u00f6glichkeiten im arch\u00e4ologischen Bereich gesucht werden, m\u00f6chten wir den Kontakt zu Grabungsfirmen erleichtern.<br \/>\nDaher haben wir einige Grabungsfirmen f\u00fcr euch verlinkt.<\/p>\n<p><em>F\u00fcr die Grabungsfirmen: ein kleiner Vorstellungstext (gern auch mit Foto) w\u00e4re toll, aber auch schon eine Linkangabe ist super. Beides bitte an: <\/em>info@vfp-archaeologie.fs.lmu.de<\/p>\n","protected":false},"excerpt":{"rendered":"<p>Da immer wieder Arbeitsm\u00f6glichkeiten im arch\u00e4ologischen Bereich gesucht werden, m\u00f6chten wir den Kontakt zu Grabungsfirmen erleichtern. Daher haben wir einige Grabungsfirmen f\u00fcr euch verlinkt. F\u00fcr die Grabungsfirmen: ein kleiner Vorstellungstext (gern auch mit Foto) w\u00e4re toll, aber auch schon eine Linkangabe ist super. Beides bitte an: info@vfp-archaeologie.fs.lmu.de<\/p>\n","protected":false},"author":6,"featured_media":0,"parent":0,"menu_order":0,"comment_status":"closed","ping_status":"open","template":"","meta":[],"_links":{"self":[{"href":"https:\/\/vfp-archaeologie.fs.lmu.de\/index.php?rest_route=\/wp\/v2\/pages\/327"}],"collection":[{"href":"https:\/\/vfp-archaeologie.fs.lmu.de\/index.php?rest_route=\/wp\/v2\/pages"}],"about":[{"href":"https:\/\/vfp-archaeologie.fs.lmu.de\/index.php?rest_route=\/wp\/v2\/types\/page"}],"author":[{"embeddable":true,"href":"https:\/\/vfp-archaeologie.fs.lmu.de\/index.php?rest_route=\/wp\/v2\/users\/6"}],"replies":[{"embeddable":true,"href":"https:\/\/vfp-archaeologie.fs.lmu.de\/index.php?rest_route=%2Fwp%2Fv2%2Fcomments&post=327"}],"version-history":[{"count":5,"href":"https:\/\/vfp-archaeologie.fs.lmu.de\/index.php?rest_route=\/wp\/v2\/pages\/327\/revisions"}],"predecessor-version":[{"id":942,"href":"https:\/\/vfp-archaeologie.fs.lmu.de\/index.php?rest_route=\/wp\/v2\/pages\/327\/revisions\/942"}],"wp:attachment":[{"href":"https:\/\/vfp-archaeologie.fs.lmu.de\/index.php?rest_route=%2Fwp%2Fv2%2Fmedia&parent=327"}],"curies":[{"name":"wp","href":"https:\/\/api.w.org\/{rel}","templated":true}]}}