{"id":340,"date":"2014-10-16T18:05:48","date_gmt":"2014-10-16T16:05:48","guid":{"rendered":"http:\/\/vfp-archaeologie.fs.lmu.de\/?page_id=340"},"modified":"2020-06-01T12:03:54","modified_gmt":"2020-06-01T10:03:54","slug":"archaologisches-buro-anzenberger-leicht","status":"publish","type":"page","link":"https:\/\/vfp-archaeologie.fs.lmu.de\/?page_id=340","title":{"rendered":"Arch\u00e4ologisches B\u00fcro Anzenberger &#038; Leicht"},"content":{"rendered":"<p>Wir sind ein mittelst\u00e4ndisches Unternehmen mit Sitz in M\u00fcnchen und seit \u00fcber 20 Jahren als Arch\u00e4ologen in ganz Bayern t\u00e4tig. Von einem kleinen 2-Mann Betrieb sind wir inzwischen zu einer erfolgreichen Firma mit \u00fcber 10 fest angestellten Mitarbeitern geworden.<br \/>\nViele unserer Mitarbeiter haben uns auf diesem Weg begleitet, teilweise vom ersten Praktikum in der Schule an bis zum Abschluss ihres arch\u00e4ologischen Studiums. Heute besetzen sie wichtige Positionen in unserer Firma. Wir suchen keine Studenten, die nur die Schaufel schwingen d\u00fcrfen, sondern Arch\u00e4ologen (auch in der Ausbildung), die unser Team langfristig bereichern.<br \/>\nWenn Du Interesse an der Arbeit in professionellem Umfeld hast und Dein Gelerntes praktisch umsetzen m\u00f6chtest, dann melde Dich bei uns!<\/p>\n<p><strong><a title=\"Anzenberger und Leicht\" href=\"http:\/\/www.archaeologisches-buero.de\/\">Arch\u00e4ologisches B\u00fcro Anzenberger &amp; Leicht<\/a><\/strong><\/p>\n<p><a href=\"http:\/\/vfp-archaeologie.fs.lmu.de\/wp-content\/uploads\/2014\/10\/Anzenberger-und-Leicht.jpg\"><img loading=\"lazy\" class=\"alignnone size-large wp-image-380\" src=\"http:\/\/vfp-archaeologie.fs.lmu.de\/wp-content\/uploads\/2014\/10\/Anzenberger-und-Leicht-1024x678.jpg\" alt=\"KONICA MINOLTA DIGITAL CAMERA\" width=\"604\" height=\"399\" srcset=\"https:\/\/vfp-archaeologie.fs.lmu.de\/wp-content\/uploads\/2014\/10\/Anzenberger-und-Leicht-1024x678.jpg 1024w, https:\/\/vfp-archaeologie.fs.lmu.de\/wp-content\/uploads\/2014\/10\/Anzenberger-und-Leicht-300x198.jpg 300w\" sizes=\"(max-width: 604px) 100vw, 604px\" \/><\/a><\/p>\n","protected":false},"excerpt":{"rendered":"<p>Wir sind ein mittelst\u00e4ndisches Unternehmen mit Sitz in M\u00fcnchen und seit \u00fcber 20 Jahren als Arch\u00e4ologen in ganz Bayern t\u00e4tig. Von einem kleinen 2-Mann Betrieb sind wir inzwischen zu einer erfolgreichen Firma mit \u00fcber 10 fest angestellten Mitarbeitern geworden. Viele unserer Mitarbeiter haben uns auf diesem Weg begleitet, teilweise vom ersten Praktikum in der Schule &hellip; <a href=\"https:\/\/vfp-archaeologie.fs.lmu.de\/?page_id=340\" class=\"more-link\">Continue reading <span class=\"screen-reader-text\">Arch\u00e4ologisches B\u00fcro Anzenberger &#038; Leicht<\/span> <span class=\"meta-nav\">&rarr;<\/span><\/a><\/p>\n","protected":false},"author":6,"featured_media":0,"parent":0,"menu_order":0,"comment_status":"closed","ping_status":"open","template":"","meta":[],"_links":{"self":[{"href":"https:\/\/vfp-archaeologie.fs.lmu.de\/index.php?rest_route=\/wp\/v2\/pages\/340"}],"collection":[{"href":"https:\/\/vfp-archaeologie.fs.lmu.de\/index.php?rest_route=\/wp\/v2\/pages"}],"about":[{"href":"https:\/\/vfp-archaeologie.fs.lmu.de\/index.php?rest_route=\/wp\/v2\/types\/page"}],"author":[{"embeddable":true,"href":"https:\/\/vfp-archaeologie.fs.lmu.de\/index.php?rest_route=\/wp\/v2\/users\/6"}],"replies":[{"embeddable":true,"href":"https:\/\/vfp-archaeologie.fs.lmu.de\/index.php?rest_route=%2Fwp%2Fv2%2Fcomments&post=340"}],"version-history":[{"count":4,"href":"https:\/\/vfp-archaeologie.fs.lmu.de\/index.php?rest_route=\/wp\/v2\/pages\/340\/revisions"}],"predecessor-version":[{"id":950,"href":"https:\/\/vfp-archaeologie.fs.lmu.de\/index.php?rest_route=\/wp\/v2\/pages\/340\/revisions\/950"}],"wp:attachment":[{"href":"https:\/\/vfp-archaeologie.fs.lmu.de\/index.php?rest_route=%2Fwp%2Fv2%2Fmedia&parent=340"}],"curies":[{"name":"wp","href":"https:\/\/api.w.org\/{rel}","templated":true}]}}