{"id":361,"date":"2014-10-30T15:21:56","date_gmt":"2014-10-30T13:21:56","guid":{"rendered":"http:\/\/vfp-archaeologie.fs.lmu.de\/?page_id=361"},"modified":"2023-01-19T15:24:59","modified_gmt":"2023-01-19T13:24:59","slug":"dig-it-company","status":"publish","type":"page","link":"https:\/\/vfp-archaeologie.fs.lmu.de\/?page_id=361","title":{"rendered":"Dig it Company"},"content":{"rendered":"<p><a href=\"http:\/\/vfp-archaeologie.fs.lmu.de\/wp-content\/uploads\/2014\/10\/Dig-it-Company-_-Logo-schwarz.jpg\"><img loading=\"lazy\" class=\"alignnone size-thumbnail wp-image-362\" src=\"http:\/\/vfp-archaeologie.fs.lmu.de\/wp-content\/uploads\/2014\/10\/Dig-it-Company-_-Logo-schwarz-150x150.jpg\" alt=\"Dig it Company _ Logo schwarz\" width=\"150\" height=\"150\" \/><\/a><\/p>\n<p>Wir sind ein Team von freiberuflichen Arch\u00e4ologen mit Niederlassungen in Peiting, Garching und F\u00fcrstenfeldbruck. Unser Arbeitsgebiet umfasst Oberbayern, Niederbayern und Schwaben, aber vor allem sind wir im Gro\u00dfraum M\u00fcnchen t\u00e4tig.<br \/>\nWenn ihr eure arch\u00e4ologische Feldpraxis vertiefen und dabei Geld verdienen wollt, meldet euch. Wir suchen laufend motivierte Mitarbeiter f\u00fcr l\u00e4ngere Grabungsprojekte, aber auch gerne f\u00fcr den tageweisen Einsatz unter dem Semester. \u00dcbrigens d\u00fcrft ihr bei uns nicht nur die Schaufel schwingen sondern auch vermessen, zeichnen, fotografieren, beschreiben etc.!<\/p>\n<p><a href=\"http:\/\/www.digit-company.de\/\">Dig it Company<\/a><\/p>\n<p><a href=\"http:\/\/vfp-archaeologie.fs.lmu.de\/wp-content\/uploads\/2014\/10\/Dig-it-Company-_-Grabungsfoto.jpg\"><img loading=\"lazy\" class=\"alignnone size-large wp-image-363\" src=\"http:\/\/vfp-archaeologie.fs.lmu.de\/wp-content\/uploads\/2014\/10\/Dig-it-Company-_-Grabungsfoto-1024x682.jpg\" alt=\"Dig it! Company _ Grabungsfoto\" width=\"604\" height=\"402\" srcset=\"https:\/\/vfp-archaeologie.fs.lmu.de\/wp-content\/uploads\/2014\/10\/Dig-it-Company-_-Grabungsfoto-1024x682.jpg 1024w, https:\/\/vfp-archaeologie.fs.lmu.de\/wp-content\/uploads\/2014\/10\/Dig-it-Company-_-Grabungsfoto-300x200.jpg 300w\" sizes=\"(max-width: 604px) 100vw, 604px\" \/><\/a><\/p>\n","protected":false},"excerpt":{"rendered":"<p>Wir sind ein Team von freiberuflichen Arch\u00e4ologen mit Niederlassungen in Peiting, Garching und F\u00fcrstenfeldbruck. Unser Arbeitsgebiet umfasst Oberbayern, Niederbayern und Schwaben, aber vor allem sind wir im Gro\u00dfraum M\u00fcnchen t\u00e4tig. Wenn ihr eure arch\u00e4ologische Feldpraxis vertiefen und dabei Geld verdienen wollt, meldet euch. Wir suchen laufend motivierte Mitarbeiter f\u00fcr l\u00e4ngere Grabungsprojekte, aber auch gerne f\u00fcr &hellip; <a href=\"https:\/\/vfp-archaeologie.fs.lmu.de\/?page_id=361\" class=\"more-link\">Continue reading <span class=\"screen-reader-text\">Dig it Company<\/span> <span class=\"meta-nav\">&rarr;<\/span><\/a><\/p>\n","protected":false},"author":6,"featured_media":0,"parent":0,"menu_order":0,"comment_status":"closed","ping_status":"open","template":"","meta":[],"_links":{"self":[{"href":"https:\/\/vfp-archaeologie.fs.lmu.de\/index.php?rest_route=\/wp\/v2\/pages\/361"}],"collection":[{"href":"https:\/\/vfp-archaeologie.fs.lmu.de\/index.php?rest_route=\/wp\/v2\/pages"}],"about":[{"href":"https:\/\/vfp-archaeologie.fs.lmu.de\/index.php?rest_route=\/wp\/v2\/types\/page"}],"author":[{"embeddable":true,"href":"https:\/\/vfp-archaeologie.fs.lmu.de\/index.php?rest_route=\/wp\/v2\/users\/6"}],"replies":[{"embeddable":true,"href":"https:\/\/vfp-archaeologie.fs.lmu.de\/index.php?rest_route=%2Fwp%2Fv2%2Fcomments&post=361"}],"version-history":[{"count":8,"href":"https:\/\/vfp-archaeologie.fs.lmu.de\/index.php?rest_route=\/wp\/v2\/pages\/361\/revisions"}],"predecessor-version":[{"id":1253,"href":"https:\/\/vfp-archaeologie.fs.lmu.de\/index.php?rest_route=\/wp\/v2\/pages\/361\/revisions\/1253"}],"wp:attachment":[{"href":"https:\/\/vfp-archaeologie.fs.lmu.de\/index.php?rest_route=%2Fwp%2Fv2%2Fmedia&parent=361"}],"curies":[{"name":"wp","href":"https:\/\/api.w.org\/{rel}","templated":true}]}}