{"id":384,"date":"2015-02-09T11:32:08","date_gmt":"2015-02-09T09:32:08","guid":{"rendered":"http:\/\/vfp-archaeologie.fs.lmu.de\/?page_id=384"},"modified":"2020-06-01T12:09:37","modified_gmt":"2020-06-01T10:09:37","slug":"buro-fur-archaologie-neupertsimm","status":"publish","type":"page","link":"https:\/\/vfp-archaeologie.fs.lmu.de\/?page_id=384","title":{"rendered":"B\u00fcro f\u00fcr Arch\u00e4ologie Neupert, Kozik und Simm"},"content":{"rendered":"<p><a href=\"http:\/\/vfp-archaeologie.fs.lmu.de\/wp-content\/uploads\/2020\/06\/logo.png\"><img loading=\"lazy\" width=\"260\" height=\"118\" class=\"alignnone  wp-image-957\" alt=\"\" src=\"http:\/\/vfp-archaeologie.fs.lmu.de\/wp-content\/uploads\/2020\/06\/logo.png\"><\/a><\/p>\n<p>B\u00fcro f\u00fcr Arch\u00e4ologie Neupert &amp; Simm GbR<br \/>\nUnsere Grabungsfirma gibt es seit 2011, zun\u00e4chst als &#8220;Han\u00f6ffner und Simm&#8221; (HaSi). Im Juni 2014 wechselte Stefan Han\u00f6ffner in die Kreisarch\u00e4ologie Deggendorf und wir firmieren seitdem als &#8220;B\u00fcro f\u00fcr Arch\u00e4ologie Neupert &amp; Simm GbR&#8221;.<\/p>\n<p>Wir sind Absolventen der Vor-und Fr\u00fchgeschichtlichen Arch\u00e4ologie der LMU, unsere Grabungsprojekte befinden sich zwischen dem Allg\u00e4u und Niederbayern, meist jedoch im Gro\u00dfraum M\u00fcnchen, sie umfassen alle Zeitstufen der Vor-und Fr\u00fchgeschichte zwischen dem Neolithikum und dem 20. Jahrhundert. Auf unseren Grabungen arbeiten Arch\u00e4ologen und Arch\u00e4ologiestudenten mit unterschiedlichster Grabungserfahrung und Vorbildung.<br \/>\nFalls Ihr an einem Grabungsjob interessiert seid, k\u00f6nnt Ihr gerne mal unverbindlich nachfragen. Wir sind eigentlich st\u00e4ndig auf der Suche nach Aushilfen, Zeichnern, Dokumentationsassistenten usw.<\/p>\n<p>Sikko Neupert: 0177 \/ 270 77 67<br \/>\nMarcus Simm: 0171 \/ 819 40 44<\/p>\n<p><a href=\"http:\/\/www.grabungsfirma-bayern.de\/\">B\u00fcro f\u00fcr Arch\u00e4ologie Neupert, Kozik und Simm<\/a><\/p>\n","protected":false},"excerpt":{"rendered":"<p>B\u00fcro f\u00fcr Arch\u00e4ologie Neupert &amp; Simm GbR Unsere Grabungsfirma gibt es seit 2011, zun\u00e4chst als &#8220;Han\u00f6ffner und Simm&#8221; (HaSi). Im Juni 2014 wechselte Stefan Han\u00f6ffner in die Kreisarch\u00e4ologie Deggendorf und wir firmieren seitdem als &#8220;B\u00fcro f\u00fcr Arch\u00e4ologie Neupert &amp; Simm GbR&#8221;. Wir sind Absolventen der Vor-und Fr\u00fchgeschichtlichen Arch\u00e4ologie der LMU, unsere Grabungsprojekte befinden sich zwischen &hellip; <a href=\"https:\/\/vfp-archaeologie.fs.lmu.de\/?page_id=384\" class=\"more-link\">Continue reading <span class=\"screen-reader-text\">B\u00fcro f\u00fcr Arch\u00e4ologie Neupert, Kozik und Simm<\/span> <span class=\"meta-nav\">&rarr;<\/span><\/a><\/p>\n","protected":false},"author":6,"featured_media":0,"parent":0,"menu_order":0,"comment_status":"closed","ping_status":"open","template":"","meta":[],"_links":{"self":[{"href":"https:\/\/vfp-archaeologie.fs.lmu.de\/index.php?rest_route=\/wp\/v2\/pages\/384"}],"collection":[{"href":"https:\/\/vfp-archaeologie.fs.lmu.de\/index.php?rest_route=\/wp\/v2\/pages"}],"about":[{"href":"https:\/\/vfp-archaeologie.fs.lmu.de\/index.php?rest_route=\/wp\/v2\/types\/page"}],"author":[{"embeddable":true,"href":"https:\/\/vfp-archaeologie.fs.lmu.de\/index.php?rest_route=\/wp\/v2\/users\/6"}],"replies":[{"embeddable":true,"href":"https:\/\/vfp-archaeologie.fs.lmu.de\/index.php?rest_route=%2Fwp%2Fv2%2Fcomments&post=384"}],"version-history":[{"count":7,"href":"https:\/\/vfp-archaeologie.fs.lmu.de\/index.php?rest_route=\/wp\/v2\/pages\/384\/revisions"}],"predecessor-version":[{"id":960,"href":"https:\/\/vfp-archaeologie.fs.lmu.de\/index.php?rest_route=\/wp\/v2\/pages\/384\/revisions\/960"}],"wp:attachment":[{"href":"https:\/\/vfp-archaeologie.fs.lmu.de\/index.php?rest_route=%2Fwp%2Fv2%2Fmedia&parent=384"}],"curies":[{"name":"wp","href":"https:\/\/api.w.org\/{rel}","templated":true}]}}