{"id":630,"date":"2017-01-10T14:29:20","date_gmt":"2017-01-10T12:29:20","guid":{"rendered":"http:\/\/vfp-archaeologie.fs.lmu.de\/?page_id=630"},"modified":"2020-06-01T12:13:10","modified_gmt":"2020-06-01T10:13:10","slug":"planateam-munchen-2","status":"publish","type":"page","link":"https:\/\/vfp-archaeologie.fs.lmu.de\/?page_id=630","title":{"rendered":"PLANATEAM ARCH\u00c4OLOGIE"},"content":{"rendered":"<div dir=\"ltr\">Planateam ist ein in M\u00fcnchen ans\u00e4ssiges Unternehmen mit mehr als 25 Jahren Erfahrung im Bereich arch\u00e4ologischer Ausgrabungen und Dokumentationen in ganz Bayern. Von der Aktenrecherche und Abzugsbeobachtung \u00fcber die Vermessung und CAD-gest\u00fctzte Planerstellung, die arch\u00e4ologische Feldarbeit vor Ort, die wissenschaftliche Dokumentation und Fundverwaltung bis hin zum Abschlussbericht begleiten wir denkmalrechtlich beauflagte Bauvorhaben jedweder Art.<\/div>\n<div dir=\"ltr\"><\/div>\n<div dir=\"ltr\">Wir suchen st\u00e4ndig Mitarbeiter unterschiedlicher Qualifikation &#8211; vom Grabungsfacharbeiter \u00fcber den Grabungstechniker bis zum Projektleiter. Anstellungen erfolgen bei uns ausschlie\u00dflich in sozialversicherungspflichtigen Besch\u00e4ftigungsverh\u00e4ltnissen. Wir sind auf diversen Grabungsprojekten im Gro\u00dfraum M\u00fcnchen und in ganz S\u00fcdbayern t\u00e4tig. Schwerpunkte bilden dabei Stadt und Landkreis M\u00fcnchen sowie &#8211; in alphabetischer Reihenfolge &#8211; die Landkreise Alt\u00f6tting, Dachau, Ebersberg, Erding, Freising, F\u00fcrstenfeldbruck, Landshut (Stadt und Land), M\u00fchldorf, Rosenheim sowie Starnberg. Neue Mitarbeiter erwartet ein Team aus motivierten und kompetenten Kollegen in einer freundlichen Arbeitsatmosph\u00e4re.<\/div>\n<div dir=\"ltr\"><\/div>\n<div dir=\"ltr\"><\/div>\n<div dir=\"ltr\"><a title=\"PLANAteam M\u00c3\u00bcnchen\" href=\"http:\/\/www.planateam.de\/\" target=\"_blank\" rel=\"noopener noreferrer\">Homepage von PLANATEAM ARCH\u00c4OLOGIE<\/a><\/div>\n<p><a href=\"http:\/\/vfp-archaeologie.fs.lmu.de\/wp-content\/uploads\/2017\/01\/Drohnenpilot-2-Planateam-Homepage-3.jpg\"><img loading=\"lazy\" class=\"alignnone  wp-image-838\" src=\"http:\/\/vfp-archaeologie.fs.lmu.de\/wp-content\/uploads\/2017\/01\/Drohnenpilot-2-Planateam-Homepage-3-300x200.jpg\" alt=\"\" width=\"335\" height=\"223\" srcset=\"https:\/\/vfp-archaeologie.fs.lmu.de\/wp-content\/uploads\/2017\/01\/Drohnenpilot-2-Planateam-Homepage-3-300x200.jpg 300w, https:\/\/vfp-archaeologie.fs.lmu.de\/wp-content\/uploads\/2017\/01\/Drohnenpilot-2-Planateam-Homepage-3-768x511.jpg 768w, https:\/\/vfp-archaeologie.fs.lmu.de\/wp-content\/uploads\/2017\/01\/Drohnenpilot-2-Planateam-Homepage-3-1024x682.jpg 1024w\" sizes=\"(max-width: 335px) 100vw, 335px\" \/><\/a><\/p>\n","protected":false},"excerpt":{"rendered":"<p>Planateam ist ein in M\u00fcnchen ans\u00e4ssiges Unternehmen mit mehr als 25 Jahren Erfahrung im Bereich arch\u00e4ologischer Ausgrabungen und Dokumentationen in ganz Bayern. Von der Aktenrecherche und Abzugsbeobachtung \u00fcber die Vermessung und CAD-gest\u00fctzte Planerstellung, die arch\u00e4ologische Feldarbeit vor Ort, die wissenschaftliche Dokumentation und Fundverwaltung bis hin zum Abschlussbericht begleiten wir denkmalrechtlich beauflagte Bauvorhaben jedweder Art. Wir &hellip; <a href=\"https:\/\/vfp-archaeologie.fs.lmu.de\/?page_id=630\" class=\"more-link\">Continue reading <span class=\"screen-reader-text\">PLANATEAM ARCH\u00c4OLOGIE<\/span> <span class=\"meta-nav\">&rarr;<\/span><\/a><\/p>\n","protected":false},"author":6,"featured_media":0,"parent":0,"menu_order":0,"comment_status":"closed","ping_status":"open","template":"","meta":[],"_links":{"self":[{"href":"https:\/\/vfp-archaeologie.fs.lmu.de\/index.php?rest_route=\/wp\/v2\/pages\/630"}],"collection":[{"href":"https:\/\/vfp-archaeologie.fs.lmu.de\/index.php?rest_route=\/wp\/v2\/pages"}],"about":[{"href":"https:\/\/vfp-archaeologie.fs.lmu.de\/index.php?rest_route=\/wp\/v2\/types\/page"}],"author":[{"embeddable":true,"href":"https:\/\/vfp-archaeologie.fs.lmu.de\/index.php?rest_route=\/wp\/v2\/users\/6"}],"replies":[{"embeddable":true,"href":"https:\/\/vfp-archaeologie.fs.lmu.de\/index.php?rest_route=%2Fwp%2Fv2%2Fcomments&post=630"}],"version-history":[{"count":7,"href":"https:\/\/vfp-archaeologie.fs.lmu.de\/index.php?rest_route=\/wp\/v2\/pages\/630\/revisions"}],"predecessor-version":[{"id":966,"href":"https:\/\/vfp-archaeologie.fs.lmu.de\/index.php?rest_route=\/wp\/v2\/pages\/630\/revisions\/966"}],"wp:attachment":[{"href":"https:\/\/vfp-archaeologie.fs.lmu.de\/index.php?rest_route=%2Fwp%2Fv2%2Fmedia&parent=630"}],"curies":[{"name":"wp","href":"https:\/\/api.w.org\/{rel}","templated":true}]}}