{"id":74,"date":"2014-05-14T11:46:00","date_gmt":"2014-05-14T09:46:00","guid":{"rendered":"http:\/\/vfp-archaeologie.fs.lmu.de\/?page_id=74"},"modified":"2022-04-05T13:33:55","modified_gmt":"2022-04-05T11:33:55","slug":"links","status":"publish","type":"page","link":"https:\/\/vfp-archaeologie.fs.lmu.de\/?page_id=74","title":{"rendered":"Links"},"content":{"rendered":"<p><span style=\"text-decoration: underline;\"><strong>Arch\u00e4ologie an der LMU M\u00fcnchen<\/strong><\/span><\/p>\n<p><em><strong>VFPA:<\/strong><\/em><br \/>\nInstitut f\u00fcr Vor- und Fr\u00fchgeschichtliche Arch\u00e4ologie und Provinzialr\u00f6mische Arch\u00e4ologie<br \/>\n<a title=\"Institut\" href=\"http:\/\/www.vfp-archaeologie.uni-muenchen.de\/index.html\">Institut VFPA<\/a><\/p>\n<p>Fachschaft VFPA auf Facebook<br \/>\n<a title=\"Fachschaft VFPA - LMU M\u00c3\u00bcnchen\" href=\"https:\/\/www.facebook.com\/pages\/Fachschaft-VFPA-LMU-M%C3%BCnchen\/459321584154573\" target=\"_blank\" rel=\"noopener noreferrer\">Fachschaft VFPA &#8211; LMU M\u00fcnchen<\/a><\/p>\n<p>Verteiler der Fachschaft VFPA<br \/>\n<a title=\"Eintrag in Fachschaftsverteiler\" href=\"https:\/\/lists.fs.lmu.de\/mailman\/listinfo\/vfp-archaeologie\" target=\"_blank\" rel=\"noopener noreferrer\">Eintrag in Fachschaftsverteiler<\/a><\/p>\n<p><em><strong>VAA:<\/strong><\/em><br \/>\nInstitut f\u00fcr Vorderasiatische Arch\u00e4ologie<br \/>\n<a title=\"Institut VAA\" href=\"http:\/\/www.vorderas-archaeologie.uni-muenchen.de\/index.html\" target=\"_blank\" rel=\"noopener noreferrer\">Institut VAA<\/a><\/p>\n<p>Fachschaft VAA auf Facebook<br \/>\n<a title=\"VAA Fachschaft\" href=\"https:\/\/www.facebook.com\/groups\/531384723587103\/\" target=\"_blank\" rel=\"noopener noreferrer\">VAA Fachschaft<\/a><\/p>\n<p><em><strong>KA:<\/strong><\/em><br \/>\nInstitut f\u00fcr Klassische Arch\u00e4ologie<br \/>\n<a title=\"Insitut Klassische\" href=\"http:\/\/www.klass-archaeologie.uni-muenchen.de\/index.html\" target=\"_blank\" rel=\"noopener noreferrer\">Institut Klassische<\/a><\/p>\n<p>Fachschaft KA auf Facebook<br \/>\n<a title=\"Fachschaft KA\" href=\"https:\/\/www.facebook.com\/FachschaftKlassischeArchaologieMunchen?fref=ts\" target=\"_blank\" rel=\"noopener noreferrer\">Fachschaft KA<\/a><\/p>\n<p><em><strong>SBK:<\/strong><\/em><br \/>\nInstitut f\u00fcr Sp\u00e4tantike und Byzantinische Kunstgeschichte<br \/>\n<a title=\"Institut SBK\" href=\"http:\/\/www.byzantinistik.uni-muenchen.de\/ueber_uns\/fachteile\/spaetantike\/index.html\" target=\"_blank\" rel=\"noopener noreferrer\">Institut SBK<\/a><\/p>\n<p>______________________________________<\/p>\n<p><span style=\"text-decoration: underline;\"><strong>Allgemein:<\/strong><\/span><\/p>\n<p>M\u00fcnchner Arch\u00e4ologen auf Facebook<br \/>\n<a title=\"M\u00c3\u00bcnchner Arch\u00c3\u00a4ologen\" href=\"https:\/\/www.facebook.com\/groups\/167539343264216\/\" target=\"_blank\" rel=\"noopener noreferrer\">M\u00fcnchner Arch\u00e4ologen<\/a><\/p>\n","protected":false},"excerpt":{"rendered":"<p>Arch\u00e4ologie an der LMU M\u00fcnchen VFPA: Institut f\u00fcr Vor- und Fr\u00fchgeschichtliche Arch\u00e4ologie und Provinzialr\u00f6mische Arch\u00e4ologie Institut VFPA Fachschaft VFPA auf Facebook Fachschaft VFPA &#8211; LMU M\u00fcnchen Verteiler der Fachschaft VFPA Eintrag in Fachschaftsverteiler VAA: Institut f\u00fcr Vorderasiatische Arch\u00e4ologie Institut VAA Fachschaft VAA auf Facebook VAA Fachschaft KA: Institut f\u00fcr Klassische Arch\u00e4ologie Institut Klassische Fachschaft KA &hellip; <a href=\"https:\/\/vfp-archaeologie.fs.lmu.de\/?page_id=74\" class=\"more-link\">Continue reading <span class=\"screen-reader-text\">Links<\/span> <span class=\"meta-nav\">&rarr;<\/span><\/a><\/p>\n","protected":false},"author":6,"featured_media":0,"parent":0,"menu_order":0,"comment_status":"open","ping_status":"open","template":"","meta":[],"_links":{"self":[{"href":"https:\/\/vfp-archaeologie.fs.lmu.de\/index.php?rest_route=\/wp\/v2\/pages\/74"}],"collection":[{"href":"https:\/\/vfp-archaeologie.fs.lmu.de\/index.php?rest_route=\/wp\/v2\/pages"}],"about":[{"href":"https:\/\/vfp-archaeologie.fs.lmu.de\/index.php?rest_route=\/wp\/v2\/types\/page"}],"author":[{"embeddable":true,"href":"https:\/\/vfp-archaeologie.fs.lmu.de\/index.php?rest_route=\/wp\/v2\/users\/6"}],"replies":[{"embeddable":true,"href":"https:\/\/vfp-archaeologie.fs.lmu.de\/index.php?rest_route=%2Fwp%2Fv2%2Fcomments&post=74"}],"version-history":[{"count":23,"href":"https:\/\/vfp-archaeologie.fs.lmu.de\/index.php?rest_route=\/wp\/v2\/pages\/74\/revisions"}],"predecessor-version":[{"id":1035,"href":"https:\/\/vfp-archaeologie.fs.lmu.de\/index.php?rest_route=\/wp\/v2\/pages\/74\/revisions\/1035"}],"wp:attachment":[{"href":"https:\/\/vfp-archaeologie.fs.lmu.de\/index.php?rest_route=%2Fwp%2Fv2%2Fmedia&parent=74"}],"curies":[{"name":"wp","href":"https:\/\/api.w.org\/{rel}","templated":true}]}}