{"id":860,"date":"2019-03-20T12:39:08","date_gmt":"2019-03-20T10:39:08","guid":{"rendered":"http:\/\/vfp-archaeologie.fs.lmu.de\/?page_id=860"},"modified":"2020-06-01T12:11:36","modified_gmt":"2020-06-01T10:11:36","slug":"farch-archaologie","status":"publish","type":"page","link":"https:\/\/vfp-archaeologie.fs.lmu.de\/?page_id=860","title":{"rendered":"FARCH Arch\u00e4ologie"},"content":{"rendered":"<div dir=\"ltr\"><\/div>\n<div dir=\"ltr\">Wir sind ein junges Unternehmen, das sich seit 2014 in der Bayerischen<\/div>\n<div dir=\"ltr\">Arch\u00e4ologie und Denkmalpflege engagiert.<\/div>\n<div dir=\"ltr\"><\/div>\n<div dir=\"ltr\">Unsere Firma f\u00fchrt Grabungen zu allen Kulturepochen vom Pal\u00e4olithikum<\/div>\n<div dir=\"ltr\">bis in die Neuzeit durch. Wir bieten alle Leistungen, die f\u00fcr eine<\/div>\n<div dir=\"ltr\">schnelle und fachgerechte arch\u00e4ologische Bearbeitung von Bauvorhabens<\/div>\n<div dir=\"ltr\">nach den Richtlinien des Bayerischen Landesamtes f\u00fcr Denkmalpflege (BLfD) notwendig sind.<\/div>\n<div dir=\"ltr\"><\/div>\n<div dir=\"ltr\">Unser Ziel ist eine schnelle und kostenschonende Durchf\u00fchrung der<\/div>\n<div dir=\"ltr\">arch\u00e4ologischen Ma\u00dfnahmen unter Beachtung der wissenschaftlichen<\/div>\n<div dir=\"ltr\">Sorgfalt und der Vorgaben des BLfD.<\/div>\n<div dir=\"ltr\"><\/div>\n<div dir=\"ltr\">Wenn ihr Grabungserfahrung mit einem fairen Gehalt sammeln wollt, meldet<\/div>\n<div dir=\"ltr\">euch bei uns! Je nach Projekt suchen wir Mitarbeiter, gerne auch wenn<\/div>\n<div dir=\"ltr\">ihr tageweise w\u00e4hrend des Semesters arbeiten wollt. Grabungserfahrung<\/div>\n<div dir=\"ltr\">ist nicht zwingend notwendig, aber gern gesehen.<\/div>\n<div dir=\"ltr\"><\/div>\n<div dir=\"ltr\"><\/div>\n<div dir=\"ltr\"><strong>Kontakt<\/strong><\/div>\n<div dir=\"ltr\"><a href=\"https:\/\/farch-archaeologie.jimdo.com\/\" target=\"_blank\" rel=\"noopener noreferrer\">FARCH Arch\u00e4ologie<\/a><\/div>\n<div dir=\"ltr\"><a href=\"https:\/\/www.facebook.com\/FARCH-Arch\u00c3\u00a4ologie-397877057706723\" target=\"_blank\" rel=\"noopener noreferrer\">Facebook FARCH<\/a><\/div>\n<div dir=\"ltr\">E-Mail: <a href=\"mailto:FARCH@t-online.de\">FARCH@t-online.de<\/a><\/div>\n","protected":false},"excerpt":{"rendered":"<p>Wir sind ein junges Unternehmen, das sich seit 2014 in der Bayerischen Arch\u00e4ologie und Denkmalpflege engagiert. Unsere Firma f\u00fchrt Grabungen zu allen Kulturepochen vom Pal\u00e4olithikum bis in die Neuzeit durch. Wir bieten alle Leistungen, die f\u00fcr eine schnelle und fachgerechte arch\u00e4ologische Bearbeitung von Bauvorhabens nach den Richtlinien des Bayerischen Landesamtes f\u00fcr Denkmalpflege (BLfD) notwendig sind. &hellip; <a href=\"https:\/\/vfp-archaeologie.fs.lmu.de\/?page_id=860\" class=\"more-link\">Continue reading <span class=\"screen-reader-text\">FARCH Arch\u00e4ologie<\/span> <span class=\"meta-nav\">&rarr;<\/span><\/a><\/p>\n","protected":false},"author":6,"featured_media":0,"parent":0,"menu_order":0,"comment_status":"closed","ping_status":"closed","template":"","meta":[],"_links":{"self":[{"href":"https:\/\/vfp-archaeologie.fs.lmu.de\/index.php?rest_route=\/wp\/v2\/pages\/860"}],"collection":[{"href":"https:\/\/vfp-archaeologie.fs.lmu.de\/index.php?rest_route=\/wp\/v2\/pages"}],"about":[{"href":"https:\/\/vfp-archaeologie.fs.lmu.de\/index.php?rest_route=\/wp\/v2\/types\/page"}],"author":[{"embeddable":true,"href":"https:\/\/vfp-archaeologie.fs.lmu.de\/index.php?rest_route=\/wp\/v2\/users\/6"}],"replies":[{"embeddable":true,"href":"https:\/\/vfp-archaeologie.fs.lmu.de\/index.php?rest_route=%2Fwp%2Fv2%2Fcomments&post=860"}],"version-history":[{"count":4,"href":"https:\/\/vfp-archaeologie.fs.lmu.de\/index.php?rest_route=\/wp\/v2\/pages\/860\/revisions"}],"predecessor-version":[{"id":963,"href":"https:\/\/vfp-archaeologie.fs.lmu.de\/index.php?rest_route=\/wp\/v2\/pages\/860\/revisions\/963"}],"wp:attachment":[{"href":"https:\/\/vfp-archaeologie.fs.lmu.de\/index.php?rest_route=%2Fwp%2Fv2%2Fmedia&parent=860"}],"curies":[{"name":"wp","href":"https:\/\/api.w.org\/{rel}","templated":true}]}}